{"id":347,"date":"2023-09-13T13:35:08","date_gmt":"2023-09-13T13:35:08","guid":{"rendered":"https:\/\/istanbul.up2media.net\/?page_id=347"},"modified":"2023-09-30T13:18:28","modified_gmt":"2023-09-30T13:18:28","slug":"%d8%a7%d9%86%d8%aa%d9%87%d8%a7%d8%a1-%d9%85%d9%86-%d9%85%d8%b3%d8%aa%d9%88%d9%89-%d9%84%d8%ba%d9%88%d9%8a-%d9%85%d8%aa%d9%83%d8%a7%d9%85%d9%84-%d9%81%d9%8a-%d9%85%d8%af%d8%a9-35-%d9%8a%d9%88%d9%85","status":"publish","type":"page","link":"https:\/\/www.durobalarabia.com\/tr\/%d8%a7%d9%86%d8%aa%d9%87%d8%a7%d8%a1-%d9%85%d9%86-%d9%85%d8%b3%d8%aa%d9%88%d9%89-%d9%84%d8%ba%d9%88%d9%8a-%d9%85%d8%aa%d9%83%d8%a7%d9%85%d9%84-%d9%81%d9%8a-%d9%85%d8%af%d8%a9-35-%d9%8a%d9%88%d9%85\/","title":{"rendered":"Yurt D\u0131\u015f\u0131 E\u011fitim imk\u00e2n\u0131 ile k\u0131sa\nbir s\u00fcrede yetkin dil kullan\u0131m\nseviyesine ula\u015f\u0131n"},"content":{"rendered":"<div data-elementor-type=\"wp-page\" data-elementor-id=\"347\" class=\"elementor elementor-347\" data-elementor-post-type=\"page\">\n\t\t\t\t<div class=\"elementor-element elementor-element-27663ef e-flex e-con-boxed e-con e-parent\" data-id=\"27663ef\" data-element_type=\"container\" data-e-type=\"container\">\n\t\t\t\t\t<div class=\"e-con-inner\">\n\t\t<div class=\"elementor-element elementor-element-d5a3e9b e-con-full e-flex e-con e-child\" data-id=\"d5a3e9b\" data-element_type=\"container\" data-e-type=\"container\">\n\t\t\t\t<div class=\"elementor-element elementor-element-a3cd44a elementor-widget elementor-widget-video\" data-id=\"a3cd44a\" data-element_type=\"widget\" data-e-type=\"widget\" data-settings=\"{&quot;youtube_url&quot;:&quot;https:\\\/\\\/www.youtube.com\\\/watch?v=86Z0YAf4qrI&quot;,&quot;video_type&quot;:&quot;youtube&quot;}\" data-widget_type=\"video.default\">\n\t\t\t\t<div class=\"elementor-widget-container\">\n\t\t\t\t\t\t\t<div class=\"elementor-wrapper elementor-open-inline\">\n\t\t\t<div class=\"elementor-video\"><\/div>\t\t<\/div>\n\t\t\t\t\t\t<\/div>\n\t\t\t\t<\/div>\n\t\t\t\t<\/div>\n\t\t<div class=\"elementor-element elementor-element-57c82a7 e-con-full e-flex e-con e-child\" data-id=\"57c82a7\" data-element_type=\"container\" data-e-type=\"container\">\n\t\t\t\t<div class=\"elementor-element elementor-element-7c5ce36 elementor-widget elementor-widget-heading\" data-id=\"7c5ce36\" data-element_type=\"widget\" data-e-type=\"widget\" data-widget_type=\"heading.default\">\n\t\t\t\t<div class=\"elementor-widget-container\">\n\t\t\t\t\t<h2 class=\"elementor-heading-title elementor-size-default\">B\u00fct\u00fcnle\u015fik dil seviyesini k\u0131sa s\u00fcrede tamamlamak, T\u00fcrkiye'de dil seviyesinin \u00f6\u011frenciye ba\u011fl\u0131 olarak genellikle \u00fc\u00e7 ila be\u015f ay s\u00fcrd\u00fc\u011f\u00fcn\u00fc kaydediyor. Veya (\u00dcrd\u00fcn'deki di\u011fer \u00f6\u011frencinin, \u00f6\u011frencimizin tamamlad\u0131\u011f\u0131 akademik konunun yar\u0131s\u0131n\u0131 bitirmedi\u011fini unutmay\u0131n)<\/h2>\t\t\t\t<\/div>\n\t\t\t\t<\/div>\n\t\t\t\t<div class=\"elementor-element elementor-element-5b4745d div-rtl elementor-widget elementor-widget-text-editor\" data-id=\"5b4745d\" data-element_type=\"widget\" data-e-type=\"widget\" data-widget_type=\"text-editor.default\">\n\t\t\t\t<div class=\"elementor-widget-container\">\n\t\t\t\t\t\t\t\t\t<p>\u00dcrd\u00fcn Arap \u00fclkesini ziyaret etme amac\u0131m\u0131z \u00f6ncelikle dilsel bir hedeftir. Bu nedenle, e\u011flence ve di\u011fer \u015feyleri d\u00fc\u015f\u00fcnmeden \u00f6nce odak noktas\u0131 \u00f6ncelikle dilsel \u00fcretim, \u00f6\u011frenme ve dil engelini k\u0131rmakt\u0131r. \u0130stanbul Akademi kadim bir akademi olup, T\u00fcrkiye'de Arap\u00e7a e\u011fitiminin modern y\u00f6ntemlerle yerle\u015fmesinin ilk yap\u0131 ta\u015f\u0131 olarak kabul edilmektedir. Bu deneyimden yola \u00e7\u0131karak bir dil kursu ya da kursu olmaktan \u00e7ok uzak bir dil kamp\u0131 ger\u00e7ekle\u015ftirmeyi hedefliyor ve bu da dil kamp\u0131 diyebilecek kadar yo\u011fun bir program gerektiriyor.<br \/>Bu durum, \u00f6\u011frencinin program\u0131n etkili olmas\u0131 nedeniyle dili h\u0131zl\u0131 ve etkili bir \u015fekilde \u00f6\u011frenme becerisine sahip oldu\u011funu ve bu durumun ona mesleki veya e\u011fitim hayat\u0131nda fayda sa\u011flad\u0131\u011f\u0131n\u0131 g\u00f6stermektedir.<\/p><p><span style=\"font-weight: 400;\">\u00d6\u011frencinin dili \u00f6\u011frenme h\u0131z\u0131na neler katk\u0131da bulunur:<\/span><\/p><ul><li><span style=\"font-weight: 400;\">\u00d6\u011frencinin zekas\u0131 ve bili\u015fsel yetenekleri<\/span><\/li><li><span style=\"font-weight: 400;\">\u00d6\u011frenciyi motive etmek ve dili \u00f6\u011frenme arzusunu sa\u011flamak.<\/span><\/li><li><span style=\"font-weight: 400;\">Olduk\u00e7a verimli bir program arac\u0131l\u0131\u011f\u0131yla<\/span><\/li><li><span style=\"font-weight: 400;\">\u00d6\u011frenciye destek ve rehberlik sa\u011flayan uygun bir \u00f6\u011frenme ortam\u0131<\/span><\/li><li><span style=\"font-weight: 400;\">Etkile\u015fim ve kat\u0131l\u0131ma dayal\u0131 modern \u00f6\u011fretim y\u00f6ntemlerinin kullan\u0131lmas\u0131.<\/span><\/li><li><span style=\"font-weight: 400;\">\u00d6\u011frenciye ger\u00e7ek\u00e7i durumlarda dili pratik etme f\u0131rsatlar\u0131 sa\u011flamak.\u00a0<\/span><\/li><\/ul>\t\t\t\t\t\t\t\t<\/div>\n\t\t\t\t<\/div>\n\t\t\t\t<\/div>\n\t\t\t\t\t<\/div>\n\t\t\t\t<\/div>\n\t\t<div class=\"elementor-element elementor-element-03e4fba e-flex e-con-boxed e-con e-parent\" data-id=\"03e4fba\" data-element_type=\"container\" data-e-type=\"container\">\n\t\t\t\t\t<div class=\"e-con-inner\">\n\t\t\t\t<div class=\"elementor-element elementor-element-6c2860c elementor-widget elementor-widget-gallery\" data-id=\"6c2860c\" data-element_type=\"widget\" data-e-type=\"widget\" data-settings=\"{&quot;lazyload&quot;:&quot;yes&quot;,&quot;gallery_layout&quot;:&quot;grid&quot;,&quot;columns&quot;:4,&quot;columns_tablet&quot;:2,&quot;columns_mobile&quot;:1,&quot;gap&quot;:{&quot;unit&quot;:&quot;px&quot;,&quot;size&quot;:10,&quot;sizes&quot;:[]},&quot;gap_tablet&quot;:{&quot;unit&quot;:&quot;px&quot;,&quot;size&quot;:10,&quot;sizes&quot;:[]},&quot;gap_mobile&quot;:{&quot;unit&quot;:&quot;px&quot;,&quot;size&quot;:10,&quot;sizes&quot;:[]},&quot;link_to&quot;:&quot;file&quot;,&quot;aspect_ratio&quot;:&quot;3:2&quot;,&quot;overlay_background&quot;:&quot;yes&quot;,&quot;content_hover_animation&quot;:&quot;fade-in&quot;}\" data-widget_type=\"gallery.default\">\n\t\t\t\t<div class=\"elementor-widget-container\">\n\t\t\t\t\t\t\t<div class=\"elementor-gallery__container\">\n\t\t\t\t\t\t\t<a class=\"e-gallery-item elementor-gallery-item elementor-animated-content\" href=\"https:\/\/www.durobalarabia.com\/wp-content\/uploads\/2023\/09\/DSC08478.jpg\" data-elementor-open-lightbox=\"yes\" data-elementor-lightbox-slideshow=\"6c2860c\" data-elementor-lightbox-title=\"DSC08478\" data-e-action-hash=\"#elementor-action%3Aaction%3Dlightbox%26settings%3DeyJpZCI6NjM3LCJ1cmwiOiJodHRwczpcL1wvd3d3LmR1cm9iYWxhcmFiaWEuY29tXC93cC1jb250ZW50XC91cGxvYWRzXC8yMDIzXC8wOVwvRFNDMDg0NzguanBnIiwic2xpZGVzaG93IjoiNmMyODYwYyJ9\">\n\t\t\t\t\t<div class=\"e-gallery-image elementor-gallery-item__image\" data-thumbnail=\"https:\/\/www.durobalarabia.com\/wp-content\/uploads\/2023\/09\/DSC08478-1024x683.jpg\" data-width=\"1024\" data-height=\"683\" aria-label=\"\" role=\"img\" ><\/div>\n\t\t\t\t\t\t\t\t\t\t\t<div class=\"elementor-gallery-item__overlay\"><\/div>\n\t\t\t\t\t\t\t\t\t\t\t\t\t\t<\/a>\n\t\t\t\t\t\t\t<a class=\"e-gallery-item elementor-gallery-item elementor-animated-content\" href=\"https:\/\/www.durobalarabia.com\/wp-content\/uploads\/2023\/09\/IMG_4175.jpg\" data-elementor-open-lightbox=\"yes\" data-elementor-lightbox-slideshow=\"6c2860c\" data-elementor-lightbox-title=\"IMG_4175\" data-e-action-hash=\"#elementor-action%3Aaction%3Dlightbox%26settings%3DeyJpZCI6NjM4LCJ1cmwiOiJodHRwczpcL1wvd3d3LmR1cm9iYWxhcmFiaWEuY29tXC93cC1jb250ZW50XC91cGxvYWRzXC8yMDIzXC8wOVwvSU1HXzQxNzUuanBnIiwic2xpZGVzaG93IjoiNmMyODYwYyJ9\">\n\t\t\t\t\t<div class=\"e-gallery-image elementor-gallery-item__image\" data-thumbnail=\"https:\/\/www.durobalarabia.com\/wp-content\/uploads\/2023\/09\/IMG_4175-1024x683.jpg\" data-width=\"1024\" data-height=\"683\" aria-label=\"\" role=\"img\" ><\/div>\n\t\t\t\t\t\t\t\t\t\t\t<div class=\"elementor-gallery-item__overlay\"><\/div>\n\t\t\t\t\t\t\t\t\t\t\t\t\t\t<\/a>\n\t\t\t\t\t\t\t<a class=\"e-gallery-item elementor-gallery-item elementor-animated-content\" href=\"https:\/\/www.durobalarabia.com\/wp-content\/uploads\/2023\/09\/IMG_4176.jpg\" data-elementor-open-lightbox=\"yes\" data-elementor-lightbox-slideshow=\"6c2860c\" data-elementor-lightbox-title=\"IMG_4176\" data-e-action-hash=\"#elementor-action%3Aaction%3Dlightbox%26settings%3DeyJpZCI6NjQwLCJ1cmwiOiJodHRwczpcL1wvd3d3LmR1cm9iYWxhcmFiaWEuY29tXC93cC1jb250ZW50XC91cGxvYWRzXC8yMDIzXC8wOVwvSU1HXzQxNzYuanBnIiwic2xpZGVzaG93IjoiNmMyODYwYyJ9\">\n\t\t\t\t\t<div class=\"e-gallery-image elementor-gallery-item__image\" data-thumbnail=\"https:\/\/www.durobalarabia.com\/wp-content\/uploads\/2023\/09\/IMG_4176-1024x683.jpg\" data-width=\"1024\" data-height=\"683\" aria-label=\"\" role=\"img\" ><\/div>\n\t\t\t\t\t\t\t\t\t\t\t<div class=\"elementor-gallery-item__overlay\"><\/div>\n\t\t\t\t\t\t\t\t\t\t\t\t\t\t<\/a>\n\t\t\t\t\t\t\t<a class=\"e-gallery-item elementor-gallery-item elementor-animated-content\" href=\"https:\/\/www.durobalarabia.com\/wp-content\/uploads\/2023\/09\/IMG_4200.jpg\" data-elementor-open-lightbox=\"yes\" data-elementor-lightbox-slideshow=\"6c2860c\" data-elementor-lightbox-title=\"IMG_4200\" data-e-action-hash=\"#elementor-action%3Aaction%3Dlightbox%26settings%3DeyJpZCI6NjQxLCJ1cmwiOiJodHRwczpcL1wvd3d3LmR1cm9iYWxhcmFiaWEuY29tXC93cC1jb250ZW50XC91cGxvYWRzXC8yMDIzXC8wOVwvSU1HXzQyMDAuanBnIiwic2xpZGVzaG93IjoiNmMyODYwYyJ9\">\n\t\t\t\t\t<div class=\"e-gallery-image elementor-gallery-item__image\" data-thumbnail=\"https:\/\/www.durobalarabia.com\/wp-content\/uploads\/2023\/09\/IMG_4200-1024x683.jpg\" data-width=\"1024\" data-height=\"683\" aria-label=\"\" role=\"img\" ><\/div>\n\t\t\t\t\t\t\t\t\t\t\t<div class=\"elementor-gallery-item__overlay\"><\/div>\n\t\t\t\t\t\t\t\t\t\t\t\t\t\t<\/a>\n\t\t\t\t\t<\/div>\n\t\t\t\t\t<\/div>\n\t\t\t\t<\/div>\n\t\t\t\t\t<\/div>\n\t\t\t\t<\/div>\n\t\t\t\t<\/div>","protected":false},"excerpt":{"rendered":"<p>\u0627\u0644\u0627\u0646\u062a\u0647\u0627\u0621 \u0645\u0646 \u0645\u0633\u062a\u0648\u0649 \u0644\u063a\u0648\u064a \u0645\u062a\u0643\u0627\u0645\u0644 \u0641\u064a \u0645\u062f\u0629 \u0648\u062c\u064a\u0632\u0629 \u0639\u0644\u0645\u0627 \u0623\u0646 \u0627\u0644\u0645\u0633\u062a\u0648\u0649 \u0627\u0644\u0644\u063a\u0648\u064a \u0639\u0627\u062f\u0629 \u0641\u064a \u062a\u0631\u0643\u064a\u0627 \u064a\u062d\u062a\u0627\u062c \u0645\u0646 \u062b\u0644\u0627\u062b\u0629 \u0625\u0644\u0649 \u062e\u0645\u0633\u0629 [&hellip;]<\/p>\n","protected":false},"author":1,"featured_media":0,"parent":0,"menu_order":0,"comment_status":"closed","ping_status":"closed","template":"elementor_header_footer","meta":{"_acf_changed":false,"site-sidebar-layout":"default","site-content-layout":"","ast-site-content-layout":"default","site-content-style":"default","site-sidebar-style":"default","ast-global-header-display":"","ast-banner-title-visibility":"","ast-main-header-display":"","ast-hfb-above-header-display":"","ast-hfb-below-header-display":"","ast-hfb-mobile-header-display":"","site-post-title":"","ast-breadcrumbs-content":"","ast-featured-img":"","footer-sml-layout":"","ast-disable-related-posts":"","theme-transparent-header-meta":"","adv-header-id-meta":"","stick-header-meta":"","header-above-stick-meta":"","header-main-stick-meta":"","header-below-stick-meta":"","astra-migrate-meta-layouts":"default","ast-page-background-enabled":"default","ast-page-background-meta":{"desktop":{"background-color":"var(--ast-global-color-5)","background-image":"","background-repeat":"repeat","background-position":"center center","background-size":"auto","background-attachment":"scroll","background-type":"","background-media":"","overlay-type":"","overlay-color":"","overlay-opacity":"","overlay-gradient":""},"tablet":{"background-color":"","background-image":"","background-repeat":"repeat","background-position":"center center","background-size":"auto","background-attachment":"scroll","background-type":"","background-media":"","overlay-type":"","overlay-color":"","overlay-opacity":"","overlay-gradient":""},"mobile":{"background-color":"","background-image":"","background-repeat":"repeat","background-position":"center center","background-size":"auto","background-attachment":"scroll","background-type":"","background-media":"","overlay-type":"","overlay-color":"","overlay-opacity":"","overlay-gradient":""}},"ast-content-background-meta":{"desktop":{"background-color":"var(--ast-global-color-4)","background-image":"","background-repeat":"repeat","background-position":"center center","background-size":"auto","background-attachment":"scroll","background-type":"","background-media":"","overlay-type":"","overlay-color":"","overlay-opacity":"","overlay-gradient":""},"tablet":{"background-color":"var(--ast-global-color-4)","background-image":"","background-repeat":"repeat","background-position":"center center","background-size":"auto","background-attachment":"scroll","background-type":"","background-media":"","overlay-type":"","overlay-color":"","overlay-opacity":"","overlay-gradient":""},"mobile":{"background-color":"var(--ast-global-color-4)","background-image":"","background-repeat":"repeat","background-position":"center center","background-size":"auto","background-attachment":"scroll","background-type":"","background-media":"","overlay-type":"","overlay-color":"","overlay-opacity":"","overlay-gradient":""}},"footnotes":""},"class_list":["post-347","page","type-page","status-publish","hentry"],"acf":[],"_links":{"self":[{"href":"https:\/\/www.durobalarabia.com\/tr\/wp-json\/wp\/v2\/pages\/347","targetHints":{"allow":["GET"]}}],"collection":[{"href":"https:\/\/www.durobalarabia.com\/tr\/wp-json\/wp\/v2\/pages"}],"about":[{"href":"https:\/\/www.durobalarabia.com\/tr\/wp-json\/wp\/v2\/types\/page"}],"author":[{"embeddable":true,"href":"https:\/\/www.durobalarabia.com\/tr\/wp-json\/wp\/v2\/users\/1"}],"replies":[{"embeddable":true,"href":"https:\/\/www.durobalarabia.com\/tr\/wp-json\/wp\/v2\/comments?post=347"}],"version-history":[{"count":50,"href":"https:\/\/www.durobalarabia.com\/tr\/wp-json\/wp\/v2\/pages\/347\/revisions"}],"predecessor-version":[{"id":844,"href":"https:\/\/www.durobalarabia.com\/tr\/wp-json\/wp\/v2\/pages\/347\/revisions\/844"}],"wp:attachment":[{"href":"https:\/\/www.durobalarabia.com\/tr\/wp-json\/wp\/v2\/media?parent=347"}],"curies":[{"name":"wp","href":"https:\/\/api.w.org\/{rel}","templated":true}]}}