{"id":431,"date":"2023-09-14T10:43:58","date_gmt":"2023-09-14T10:43:58","guid":{"rendered":"https:\/\/istanbul.up2media.net\/?page_id=431"},"modified":"2023-10-03T14:17:40","modified_gmt":"2023-10-03T14:17:40","slug":"%d8%a7%d9%84%d9%83%d8%a7%d8%af%d8%b1-%d8%a7%d9%84%d8%aa%d8%b9%d9%84%d9%8a%d9%85%d9%8a-%d9%85%d9%86-%d9%85%d8%b9%d9%84%d9%85%d9%8a%d9%86-%d9%88%d9%85%d8%b4%d8%b1%d9%81%d9%8a%d9%86-%d9%87%d9%85-%d9%81","status":"publish","type":"page","link":"https:\/\/www.durobalarabia.com\/tr\/%d8%a7%d9%84%d9%83%d8%a7%d8%af%d8%b1-%d8%a7%d9%84%d8%aa%d8%b9%d9%84%d9%8a%d9%85%d9%8a-%d9%85%d9%86-%d9%85%d8%b9%d9%84%d9%85%d9%8a%d9%86-%d9%88%d9%85%d8%b4%d8%b1%d9%81%d9%8a%d9%86-%d9%87%d9%85-%d9%81\/","title":{"rendered":"\u00d6\u011fretmenler ve m\u00fcfetti\u015flerin de dahil oldu\u011fu e\u011fitim kadrosu aslen bir misyonu olan ve Kur'an-\u0131 Kerim dili olan Arap\u00e7a'y\u0131 \u00f6\u011fretmek isteyen ki\u015filerdir."},"content":{"rendered":"<div data-elementor-type=\"wp-page\" data-elementor-id=\"431\" class=\"elementor elementor-431\" data-elementor-post-type=\"page\">\n\t\t\t\t<div class=\"elementor-element elementor-element-27663ef e-flex e-con-boxed e-con e-parent\" data-id=\"27663ef\" data-element_type=\"container\" data-e-type=\"container\">\n\t\t\t\t\t<div class=\"e-con-inner\">\n\t\t<div class=\"elementor-element elementor-element-d5a3e9b e-con-full e-flex e-con e-child\" data-id=\"d5a3e9b\" data-element_type=\"container\" data-e-type=\"container\">\n\t\t\t\t<div class=\"elementor-element elementor-element-a3cd44a elementor-widget elementor-widget-video\" data-id=\"a3cd44a\" data-element_type=\"widget\" data-e-type=\"widget\" data-settings=\"{&quot;youtube_url&quot;:&quot;https:\\\/\\\/www.youtube.com\\\/watch?v=w__i7_Sa_M0&quot;,&quot;video_type&quot;:&quot;youtube&quot;}\" data-widget_type=\"video.default\">\n\t\t\t\t<div class=\"elementor-widget-container\">\n\t\t\t\t\t\t\t<div class=\"elementor-wrapper elementor-open-inline\">\n\t\t\t<div class=\"elementor-video\"><\/div>\t\t<\/div>\n\t\t\t\t\t\t<\/div>\n\t\t\t\t<\/div>\n\t\t\t\t<\/div>\n\t\t<div class=\"elementor-element elementor-element-57c82a7 e-con-full e-flex e-con e-child\" data-id=\"57c82a7\" data-element_type=\"container\" data-e-type=\"container\">\n\t\t\t\t<div class=\"elementor-element elementor-element-5b4745d div-rtl elementor-widget elementor-widget-text-editor\" data-id=\"5b4745d\" data-element_type=\"widget\" data-e-type=\"widget\" data-widget_type=\"text-editor.default\">\n\t\t\t\t<div class=\"elementor-widget-container\">\n\t\t\t\t\t\t\t\t\t<p><strong>\u00d6\u011fretmen e\u011fitim kurumlar\u0131nda i\u015fin dire\u011fidir. Bu nedenle bilim ve e\u011fitim bayra\u011f\u0131n\u0131 sadece meslek olarak de\u011fil, misyon olarak ta\u015f\u0131yan \u00f6\u011fretmenler ar\u0131yoruz<\/strong><\/p><p>Dil kamp\u0131m\u0131zdaki \u00f6\u011fretim elemanlar\u0131n\u0131n di\u011fer kurumlardaki \u00f6\u011fretmenlerden farkl\u0131 oldu\u011fu a\u00e7\u0131kt\u0131r; \u00e7\u00fcnk\u00fc onlar\u0131n bir mesaj\u0131 vard\u0131r ve Kur'an-\u0131 Kerim dili olan Arap\u00e7a'y\u0131 \u00f6\u011fretmek isterler. Bu motivasyon onlara e\u015fsiz bir \u00f6\u011fretme tutkusu verir ve \u00f6\u011frencilerin Arap\u00e7a dilini do\u011fru ve etkili bir \u015fekilde \u00f6\u011frenmelerine yard\u0131mc\u0131 olma konusunda onlar\u0131 istekli k\u0131lar.<\/p><ul><li>\u00d6\u011fretmenlerin Kur\u2019an-\u0131 Kerim dili Arap\u00e7a \u00f6\u011fretme tutkusu.<\/li><li>\u00d6\u011fretmenlerin Arap\u00e7a dilini \u00f6\u011fretme deneyimi.<\/li><li>\u00d6\u011fretmenler Kuran atmosferine uygun, modern ve etkili \u00f6\u011fretim y\u00f6ntemlerini kullan\u0131rlar.<\/li><li>\u00d6\u011fretmenlerin \u00f6\u011frencilerin \u00f6\u011frenmesine ve geli\u015fmesine yard\u0131mc\u0131 olma konusundaki ilgisi, mesleki bir motivasyondan ziyade dini bir motivasyonla motive edilmektedir.<br \/>\u00d6\u011frencilerin Arap dilini \u00f6\u011frenmelerine ve k\u00fclt\u00fcr\u00fcn\u00fc anlamalar\u0131na yard\u0131mc\u0131 olmak i\u00e7in ellerinden geleni yap\u0131yorlar.<\/li><\/ul>\t\t\t\t\t\t\t\t<\/div>\n\t\t\t\t<\/div>\n\t\t\t\t<\/div>\n\t\t\t\t\t<\/div>\n\t\t\t\t<\/div>\n\t\t<div class=\"elementor-element elementor-element-03e4fba e-flex e-con-boxed e-con e-parent\" data-id=\"03e4fba\" data-element_type=\"container\" data-e-type=\"container\">\n\t\t\t\t\t<div class=\"e-con-inner\">\n\t\t\t\t<div class=\"elementor-element elementor-element-849f708 elementor-widget elementor-widget-gallery\" data-id=\"849f708\" data-element_type=\"widget\" data-e-type=\"widget\" data-settings=\"{&quot;lazyload&quot;:&quot;yes&quot;,&quot;gallery_layout&quot;:&quot;grid&quot;,&quot;columns&quot;:4,&quot;columns_tablet&quot;:2,&quot;columns_mobile&quot;:1,&quot;gap&quot;:{&quot;unit&quot;:&quot;px&quot;,&quot;size&quot;:10,&quot;sizes&quot;:[]},&quot;gap_tablet&quot;:{&quot;unit&quot;:&quot;px&quot;,&quot;size&quot;:10,&quot;sizes&quot;:[]},&quot;gap_mobile&quot;:{&quot;unit&quot;:&quot;px&quot;,&quot;size&quot;:10,&quot;sizes&quot;:[]},&quot;link_to&quot;:&quot;file&quot;,&quot;aspect_ratio&quot;:&quot;3:2&quot;,&quot;overlay_background&quot;:&quot;yes&quot;,&quot;content_hover_animation&quot;:&quot;fade-in&quot;}\" data-widget_type=\"gallery.default\">\n\t\t\t\t<div class=\"elementor-widget-container\">\n\t\t\t\t\t\t\t<div class=\"elementor-gallery__container\">\n\t\t\t\t\t\t\t<a class=\"e-gallery-item elementor-gallery-item elementor-animated-content\" href=\"https:\/\/www.durobalarabia.com\/wp-content\/uploads\/2023\/09\/IMG_4287.jpg\" data-elementor-open-lightbox=\"yes\" data-elementor-lightbox-slideshow=\"849f708\" data-elementor-lightbox-title=\"IMG_4287\" data-e-action-hash=\"#elementor-action%3Aaction%3Dlightbox%26settings%3DeyJpZCI6NjE1LCJ1cmwiOiJodHRwczpcL1wvd3d3LmR1cm9iYWxhcmFiaWEuY29tXC93cC1jb250ZW50XC91cGxvYWRzXC8yMDIzXC8wOVwvSU1HXzQyODcuanBnIiwic2xpZGVzaG93IjoiODQ5ZjcwOCJ9\">\n\t\t\t\t\t<div class=\"e-gallery-image elementor-gallery-item__image\" data-thumbnail=\"https:\/\/www.durobalarabia.com\/wp-content\/uploads\/2023\/09\/IMG_4287-1024x683.jpg\" data-width=\"1024\" data-height=\"683\" aria-label=\"\" role=\"img\" ><\/div>\n\t\t\t\t\t\t\t\t\t\t\t<div class=\"elementor-gallery-item__overlay\"><\/div>\n\t\t\t\t\t\t\t\t\t\t\t\t\t\t<\/a>\n\t\t\t\t\t\t\t<a class=\"e-gallery-item elementor-gallery-item elementor-animated-content\" href=\"https:\/\/www.durobalarabia.com\/wp-content\/uploads\/2023\/09\/IMG_4362.jpg\" data-elementor-open-lightbox=\"yes\" data-elementor-lightbox-slideshow=\"849f708\" data-elementor-lightbox-title=\"IMG_4362\" data-e-action-hash=\"#elementor-action%3Aaction%3Dlightbox%26settings%3DeyJpZCI6NjE2LCJ1cmwiOiJodHRwczpcL1wvd3d3LmR1cm9iYWxhcmFiaWEuY29tXC93cC1jb250ZW50XC91cGxvYWRzXC8yMDIzXC8wOVwvSU1HXzQzNjIuanBnIiwic2xpZGVzaG93IjoiODQ5ZjcwOCJ9\">\n\t\t\t\t\t<div class=\"e-gallery-image elementor-gallery-item__image\" data-thumbnail=\"https:\/\/www.durobalarabia.com\/wp-content\/uploads\/2023\/09\/IMG_4362-1024x683.jpg\" data-width=\"1024\" data-height=\"683\" aria-label=\"\" role=\"img\" ><\/div>\n\t\t\t\t\t\t\t\t\t\t\t<div class=\"elementor-gallery-item__overlay\"><\/div>\n\t\t\t\t\t\t\t\t\t\t\t\t\t\t<\/a>\n\t\t\t\t\t\t\t<a class=\"e-gallery-item elementor-gallery-item elementor-animated-content\" href=\"https:\/\/www.durobalarabia.com\/wp-content\/uploads\/2023\/09\/IMG_6018.jpg\" data-elementor-open-lightbox=\"yes\" data-elementor-lightbox-slideshow=\"849f708\" data-elementor-lightbox-title=\"IMG_6018\" data-e-action-hash=\"#elementor-action%3Aaction%3Dlightbox%26settings%3DeyJpZCI6NjE3LCJ1cmwiOiJodHRwczpcL1wvd3d3LmR1cm9iYWxhcmFiaWEuY29tXC93cC1jb250ZW50XC91cGxvYWRzXC8yMDIzXC8wOVwvSU1HXzYwMTguanBnIiwic2xpZGVzaG93IjoiODQ5ZjcwOCJ9\">\n\t\t\t\t\t<div class=\"e-gallery-image elementor-gallery-item__image\" data-thumbnail=\"https:\/\/www.durobalarabia.com\/wp-content\/uploads\/2023\/09\/IMG_6018-1024x683.jpg\" data-width=\"1024\" data-height=\"683\" aria-label=\"\" role=\"img\" ><\/div>\n\t\t\t\t\t\t\t\t\t\t\t<div class=\"elementor-gallery-item__overlay\"><\/div>\n\t\t\t\t\t\t\t\t\t\t\t\t\t\t<\/a>\n\t\t\t\t\t\t\t<a class=\"e-gallery-item elementor-gallery-item elementor-animated-content\" href=\"https:\/\/www.durobalarabia.com\/wp-content\/uploads\/2023\/09\/IMG-20230527-WA0016.jpg\" data-elementor-open-lightbox=\"yes\" data-elementor-lightbox-slideshow=\"849f708\" data-elementor-lightbox-title=\"IMG-20230527-WA0016\" data-e-action-hash=\"#elementor-action%3Aaction%3Dlightbox%26settings%3DeyJpZCI6NjE4LCJ1cmwiOiJodHRwczpcL1wvd3d3LmR1cm9iYWxhcmFiaWEuY29tXC93cC1jb250ZW50XC91cGxvYWRzXC8yMDIzXC8wOVwvSU1HLTIwMjMwNTI3LVdBMDAxNi5qcGciLCJzbGlkZXNob3ciOiI4NDlmNzA4In0%3D\">\n\t\t\t\t\t<div class=\"e-gallery-image elementor-gallery-item__image\" data-thumbnail=\"https:\/\/www.durobalarabia.com\/wp-content\/uploads\/2023\/09\/IMG-20230527-WA0016.jpg\" data-width=\"1024\" data-height=\"768\" aria-label=\"\" role=\"img\" ><\/div>\n\t\t\t\t\t\t\t\t\t\t\t<div class=\"elementor-gallery-item__overlay\"><\/div>\n\t\t\t\t\t\t\t\t\t\t\t\t\t\t<\/a>\n\t\t\t\t\t<\/div>\n\t\t\t\t\t<\/div>\n\t\t\t\t<\/div>\n\t\t\t\t\t<\/div>\n\t\t\t\t<\/div>\n\t\t\t\t<\/div>","protected":false},"excerpt":{"rendered":"<p>https:\/\/www.youtube.com\/watch?v=w__i7_Sa_M0 \u0627\u0644\u0645\u0639\u0644\u0645 \u0647\u0648 \u0631\u0643\u064a\u0632\u0629 \u0627\u0644\u0639\u0645\u0644 \u0641\u064a \u0627\u0644\u0645\u0624\u0633\u0633\u0627\u062a \u0627\u0644\u062a\u0639\u0644\u064a\u0645\u064a\u0629\u061b \u0644\u0630\u0644\u0643 \u0641\u0646\u062d\u0646 \u0646\u0628\u062d\u062b \u0639\u0646 \u0645\u0639\u0644\u0645\u064a\u0646 \u064a\u062d\u0645\u0644\u0648\u0646 \u0644\u0648\u0627\u0621 \u0627\u0644\u0639\u0644\u0645 \u0648\u0627\u0644\u062a\u0639\u0644\u064a\u0645 \u0643\u0631\u0633\u0627\u0644\u0629 \u0648\u0644\u064a\u0633 \u0643\u0645\u0647\u0646\u0629 [&hellip;]<\/p>\n","protected":false},"author":1,"featured_media":0,"parent":0,"menu_order":0,"comment_status":"closed","ping_status":"closed","template":"elementor_header_footer","meta":{"_acf_changed":false,"site-sidebar-layout":"default","site-content-layout":"","ast-site-content-layout":"default","site-content-style":"default","site-sidebar-style":"default","ast-global-header-display":"","ast-banner-title-visibility":"","ast-main-header-display":"","ast-hfb-above-header-display":"","ast-hfb-below-header-display":"","ast-hfb-mobile-header-display":"","site-post-title":"","ast-breadcrumbs-content":"","ast-featured-img":"","footer-sml-layout":"","ast-disable-related-posts":"","theme-transparent-header-meta":"","adv-header-id-meta":"","stick-header-meta":"","header-above-stick-meta":"","header-main-stick-meta":"","header-below-stick-meta":"","astra-migrate-meta-layouts":"default","ast-page-background-enabled":"default","ast-page-background-meta":{"desktop":{"background-color":"var(--ast-global-color-5)","background-image":"","background-repeat":"repeat","background-position":"center center","background-size":"auto","background-attachment":"scroll","background-type":"","background-media":"","overlay-type":"","overlay-color":"","overlay-opacity":"","overlay-gradient":""},"tablet":{"background-color":"","background-image":"","background-repeat":"repeat","background-position":"center center","background-size":"auto","background-attachment":"scroll","background-type":"","background-media":"","overlay-type":"","overlay-color":"","overlay-opacity":"","overlay-gradient":""},"mobile":{"background-color":"","background-image":"","background-repeat":"repeat","background-position":"center center","background-size":"auto","background-attachment":"scroll","background-type":"","background-media":"","overlay-type":"","overlay-color":"","overlay-opacity":"","overlay-gradient":""}},"ast-content-background-meta":{"desktop":{"background-color":"var(--ast-global-color-4)","background-image":"","background-repeat":"repeat","background-position":"center center","background-size":"auto","background-attachment":"scroll","background-type":"","background-media":"","overlay-type":"","overlay-color":"","overlay-opacity":"","overlay-gradient":""},"tablet":{"background-color":"var(--ast-global-color-4)","background-image":"","background-repeat":"repeat","background-position":"center center","background-size":"auto","background-attachment":"scroll","background-type":"","background-media":"","overlay-type":"","overlay-color":"","overlay-opacity":"","overlay-gradient":""},"mobile":{"background-color":"var(--ast-global-color-4)","background-image":"","background-repeat":"repeat","background-position":"center center","background-size":"auto","background-attachment":"scroll","background-type":"","background-media":"","overlay-type":"","overlay-color":"","overlay-opacity":"","overlay-gradient":""}},"footnotes":""},"class_list":["post-431","page","type-page","status-publish","hentry"],"acf":[],"_links":{"self":[{"href":"https:\/\/www.durobalarabia.com\/tr\/wp-json\/wp\/v2\/pages\/431","targetHints":{"allow":["GET"]}}],"collection":[{"href":"https:\/\/www.durobalarabia.com\/tr\/wp-json\/wp\/v2\/pages"}],"about":[{"href":"https:\/\/www.durobalarabia.com\/tr\/wp-json\/wp\/v2\/types\/page"}],"author":[{"embeddable":true,"href":"https:\/\/www.durobalarabia.com\/tr\/wp-json\/wp\/v2\/users\/1"}],"replies":[{"embeddable":true,"href":"https:\/\/www.durobalarabia.com\/tr\/wp-json\/wp\/v2\/comments?post=431"}],"version-history":[{"count":16,"href":"https:\/\/www.durobalarabia.com\/tr\/wp-json\/wp\/v2\/pages\/431\/revisions"}],"predecessor-version":[{"id":884,"href":"https:\/\/www.durobalarabia.com\/tr\/wp-json\/wp\/v2\/pages\/431\/revisions\/884"}],"wp:attachment":[{"href":"https:\/\/www.durobalarabia.com\/tr\/wp-json\/wp\/v2\/media?parent=431"}],"curies":[{"name":"wp","href":"https:\/\/api.w.org\/{rel}","templated":true}]}}