{"id":439,"date":"2023-09-14T10:52:50","date_gmt":"2023-09-14T10:52:50","guid":{"rendered":"https:\/\/istanbul.up2media.net\/?page_id=439"},"modified":"2023-10-20T10:17:54","modified_gmt":"2023-10-20T10:17:54","slug":"%d9%84%d8%a7%d8%aa-%d9%85%d8%af%d8%b1%d9%88%d8%b3%d8%a9-%d9%85%d8%aa%d9%86%d8%a7%d8%ba%d9%85%d8%a9-%d9%85%d8%b9-%d8%a7%d9%84%d8%af%d8%b1%d9%88%d8%b3-%d8%a7%d9%84%d8%b5%d8%a8%d8%a7%d8%ad%d9%8a%d8%a9","status":"publish","type":"page","link":"https:\/\/www.durobalarabia.com\/tr\/%d9%84%d8%a7%d8%aa-%d9%85%d8%af%d8%b1%d9%88%d8%b3%d8%a9-%d9%85%d8%aa%d9%86%d8%a7%d8%ba%d9%85%d8%a9-%d9%85%d8%b9-%d8%a7%d9%84%d8%af%d8%b1%d9%88%d8%b3-%d8%a7%d9%84%d8%b5%d8%a8%d8%a7%d8%ad%d9%8a%d8%a9\/","title":{"rendered":"Geziler iyi d\u00fc\u015f\u00fcn\u00fclm\u00fc\u015f ve sabah dersleriyle uyumlu olup onlardan ayr\u0131 de\u011fildir. Yani gezi ziyaret ama\u00e7l\u0131 de\u011fil, \u00f6\u011frencinin sabah \u00f6\u011frendiklerini uygulamaya y\u00f6nelik oldu\u011fu i\u00e7in ak\u015fam gezisi \u00f6nceden haz\u0131rlanm\u0131\u015f bir program dahilinde do\u011frudan veya dolayl\u0131 olarak sabah dersleriyle ilgilidir."},"content":{"rendered":"<div data-elementor-type=\"wp-page\" data-elementor-id=\"439\" class=\"elementor elementor-439\" data-elementor-post-type=\"page\">\n\t\t\t\t<div class=\"elementor-element elementor-element-27663ef e-flex e-con-boxed e-con e-parent\" data-id=\"27663ef\" data-element_type=\"container\" data-e-type=\"container\">\n\t\t\t\t\t<div class=\"e-con-inner\">\n\t\t<div class=\"elementor-element elementor-element-d5a3e9b e-con-full e-flex e-con e-child\" data-id=\"d5a3e9b\" data-element_type=\"container\" data-e-type=\"container\">\n\t\t\t\t<div class=\"elementor-element elementor-element-a3cd44a elementor-widget elementor-widget-video\" data-id=\"a3cd44a\" data-element_type=\"widget\" data-e-type=\"widget\" data-settings=\"{&quot;youtube_url&quot;:&quot;https:\\\/\\\/www.youtube.com\\\/watch?v=zS2Kky5FYdQ&quot;,&quot;video_type&quot;:&quot;youtube&quot;}\" data-widget_type=\"video.default\">\n\t\t\t\t<div class=\"elementor-widget-container\">\n\t\t\t\t\t\t\t<div class=\"elementor-wrapper elementor-open-inline\">\n\t\t\t<div class=\"elementor-video\"><\/div>\t\t<\/div>\n\t\t\t\t\t\t<\/div>\n\t\t\t\t<\/div>\n\t\t\t\t<div class=\"elementor-element elementor-element-7a7f493 elementor-widget elementor-widget-video\" data-id=\"7a7f493\" data-element_type=\"widget\" data-e-type=\"widget\" data-settings=\"{&quot;youtube_url&quot;:&quot;https:\\\/\\\/youtu.be\\\/GF_tegLJ23Q&quot;,&quot;video_type&quot;:&quot;youtube&quot;}\" data-widget_type=\"video.default\">\n\t\t\t\t<div class=\"elementor-widget-container\">\n\t\t\t\t\t\t\t<div class=\"elementor-wrapper elementor-open-inline\">\n\t\t\t<div class=\"elementor-video\"><\/div>\t\t<\/div>\n\t\t\t\t\t\t<\/div>\n\t\t\t\t<\/div>\n\t\t\t\t<\/div>\n\t\t<div class=\"elementor-element elementor-element-57c82a7 e-con-full e-flex e-con e-child\" data-id=\"57c82a7\" data-element_type=\"container\" data-e-type=\"container\">\n\t\t\t\t<div class=\"elementor-element elementor-element-5b4745d div-rtl elementor-widget elementor-widget-text-editor\" data-id=\"5b4745d\" data-element_type=\"widget\" data-e-type=\"widget\" data-widget_type=\"text-editor.default\">\n\t\t\t\t<div class=\"elementor-widget-container\">\n\t\t\t\t\t\t\t\t\t<p><strong>Dilsel bilimsel bir konu ile ilgili olmayan her gezi sadece e\u011flence ama\u00e7l\u0131d\u0131r ve amac\u0131m\u0131z \u00e7er\u00e7evesinin d\u0131\u015f\u0131ndad\u0131r. Yani t\u00fcm planlar birbirini tamamlayacak \u015fekilde birbirine ba\u011fl\u0131d\u0131r<\/strong><\/p><p>Dil kamp\u0131m\u0131zdaki geziler a\u00e7\u0131k\u00e7a iyi d\u00fc\u015f\u00fcn\u00fclm\u00fc\u015f ve sabah dersleriyle koordine edilmi\u015ftir. Bu, gezilerin sadece \u00f6\u011frencilere yap\u0131lan ziyaretler olmad\u0131\u011f\u0131, \u00f6\u011frencilerin sabah derslerinde \u00f6\u011frendiklerini ger\u00e7ek hayattaki durumlarda uygulama f\u0131rsat\u0131 oldu\u011fu anlam\u0131na gelir.<\/p><p>Sabah dersleriyle ilgili gezilerin \u00f6\u011frencilere sa\u011flayabilece\u011fi baz\u0131 faydalar:<\/p><ul><li><span style=\"font-weight: 400;\">\u00d6\u011frencilerin sabah derslerinde \u00f6\u011frendiklerini daha iyi anlamalar\u0131na yard\u0131mc\u0131 olur.<\/span><\/li><li><span style=\"font-weight: 400;\">\u00d6\u011frencilerin ger\u00e7ek\u00e7i durumlarda dil becerilerini geli\u015ftirmelerine yard\u0131mc\u0131 olur.<\/span><\/li><li><span style=\"font-weight: 400;\">\u00d6\u011frencilerin Arap k\u00fclt\u00fcr\u00fcn\u00fc daha iyi tan\u0131malar\u0131na yard\u0131mc\u0131 olur.<\/span><\/li><li><span style=\"font-weight: 400;\">\u00d6\u011frencilerin di\u011fer Arap \u00f6\u011frencilerle b\u00fct\u00fcnle\u015fmesine yard\u0131mc\u0131 olur.<\/span><\/li><li><span style=\"font-weight: 400;\">\u00d6\u011frencilerin yeni arkada\u015flar edinmelerine yard\u0131mc\u0131 olur.<\/span><\/li><li><span style=\"font-weight: 400;\">\u00d6\u011frencilerin kampta keyifli vakit ge\u00e7irmelerine yard\u0131mc\u0131 olur.<\/span><\/li><\/ul>\t\t\t\t\t\t\t\t<\/div>\n\t\t\t\t<\/div>\n\t\t\t\t<\/div>\n\t\t\t\t\t<\/div>\n\t\t\t\t<\/div>\n\t\t<div class=\"elementor-element elementor-element-03e4fba e-flex e-con-boxed e-con e-parent\" data-id=\"03e4fba\" data-element_type=\"container\" data-e-type=\"container\">\n\t\t\t\t\t<div class=\"e-con-inner\">\n\t\t\t\t<div class=\"elementor-element elementor-element-8ab5402 elementor-widget elementor-widget-gallery\" data-id=\"8ab5402\" data-element_type=\"widget\" data-e-type=\"widget\" data-settings=\"{&quot;columns&quot;:5,&quot;lazyload&quot;:&quot;yes&quot;,&quot;gallery_layout&quot;:&quot;grid&quot;,&quot;columns_tablet&quot;:2,&quot;columns_mobile&quot;:1,&quot;gap&quot;:{&quot;unit&quot;:&quot;px&quot;,&quot;size&quot;:10,&quot;sizes&quot;:[]},&quot;gap_tablet&quot;:{&quot;unit&quot;:&quot;px&quot;,&quot;size&quot;:10,&quot;sizes&quot;:[]},&quot;gap_mobile&quot;:{&quot;unit&quot;:&quot;px&quot;,&quot;size&quot;:10,&quot;sizes&quot;:[]},&quot;link_to&quot;:&quot;file&quot;,&quot;aspect_ratio&quot;:&quot;3:2&quot;,&quot;overlay_background&quot;:&quot;yes&quot;,&quot;content_hover_animation&quot;:&quot;fade-in&quot;}\" data-widget_type=\"gallery.default\">\n\t\t\t\t<div class=\"elementor-widget-container\">\n\t\t\t\t\t\t\t<div class=\"elementor-gallery__container\">\n\t\t\t\t\t\t\t<a class=\"e-gallery-item elementor-gallery-item elementor-animated-content\" href=\"https:\/\/www.durobalarabia.com\/wp-content\/uploads\/2023\/10\/IMG_6322.jpg\" data-elementor-open-lightbox=\"yes\" data-elementor-lightbox-slideshow=\"8ab5402\" data-elementor-lightbox-title=\"IMG_6322\" data-e-action-hash=\"#elementor-action%3Aaction%3Dlightbox%26settings%3DeyJpZCI6MTAxMywidXJsIjoiaHR0cHM6XC9cL3d3dy5kdXJvYmFsYXJhYmlhLmNvbVwvd3AtY29udGVudFwvdXBsb2Fkc1wvMjAyM1wvMTBcL0lNR182MzIyLmpwZyIsInNsaWRlc2hvdyI6IjhhYjU0MDIifQ%3D%3D\">\n\t\t\t\t\t<div class=\"e-gallery-image elementor-gallery-item__image\" data-thumbnail=\"https:\/\/www.durobalarabia.com\/wp-content\/uploads\/2023\/10\/IMG_6322-1024x683.jpg\" data-width=\"1024\" data-height=\"683\" aria-label=\"\" role=\"img\" ><\/div>\n\t\t\t\t\t\t\t\t\t\t\t<div class=\"elementor-gallery-item__overlay\"><\/div>\n\t\t\t\t\t\t\t\t\t\t\t\t\t\t<\/a>\n\t\t\t\t\t\t\t<a class=\"e-gallery-item elementor-gallery-item elementor-animated-content\" href=\"https:\/\/www.durobalarabia.com\/wp-content\/uploads\/2023\/10\/DSC00010.jpg\" data-elementor-open-lightbox=\"yes\" data-elementor-lightbox-slideshow=\"8ab5402\" data-elementor-lightbox-title=\"DSC00010\" data-e-action-hash=\"#elementor-action%3Aaction%3Dlightbox%26settings%3DeyJpZCI6MTAxNCwidXJsIjoiaHR0cHM6XC9cL3d3dy5kdXJvYmFsYXJhYmlhLmNvbVwvd3AtY29udGVudFwvdXBsb2Fkc1wvMjAyM1wvMTBcL0RTQzAwMDEwLmpwZyIsInNsaWRlc2hvdyI6IjhhYjU0MDIifQ%3D%3D\">\n\t\t\t\t\t<div class=\"e-gallery-image elementor-gallery-item__image\" data-thumbnail=\"https:\/\/www.durobalarabia.com\/wp-content\/uploads\/2023\/10\/DSC00010-1024x577.jpg\" data-width=\"1024\" data-height=\"577\" aria-label=\"\" role=\"img\" ><\/div>\n\t\t\t\t\t\t\t\t\t\t\t<div class=\"elementor-gallery-item__overlay\"><\/div>\n\t\t\t\t\t\t\t\t\t\t\t\t\t\t<\/a>\n\t\t\t\t\t\t\t<a class=\"e-gallery-item elementor-gallery-item elementor-animated-content\" href=\"https:\/\/www.durobalarabia.com\/wp-content\/uploads\/2023\/10\/DSC06835.jpg\" data-elementor-open-lightbox=\"yes\" data-elementor-lightbox-slideshow=\"8ab5402\" data-elementor-lightbox-title=\"DSC06835\" data-e-action-hash=\"#elementor-action%3Aaction%3Dlightbox%26settings%3DeyJpZCI6MTAxNSwidXJsIjoiaHR0cHM6XC9cL3d3dy5kdXJvYmFsYXJhYmlhLmNvbVwvd3AtY29udGVudFwvdXBsb2Fkc1wvMjAyM1wvMTBcL0RTQzA2ODM1LmpwZyIsInNsaWRlc2hvdyI6IjhhYjU0MDIifQ%3D%3D\">\n\t\t\t\t\t<div class=\"e-gallery-image elementor-gallery-item__image\" data-thumbnail=\"https:\/\/www.durobalarabia.com\/wp-content\/uploads\/2023\/10\/DSC06835-1024x683.jpg\" data-width=\"1024\" data-height=\"683\" aria-label=\"\" role=\"img\" ><\/div>\n\t\t\t\t\t\t\t\t\t\t\t<div class=\"elementor-gallery-item__overlay\"><\/div>\n\t\t\t\t\t\t\t\t\t\t\t\t\t\t<\/a>\n\t\t\t\t\t\t\t<a class=\"e-gallery-item elementor-gallery-item elementor-animated-content\" href=\"https:\/\/www.durobalarabia.com\/wp-content\/uploads\/2023\/10\/DSC07050.jpg\" data-elementor-open-lightbox=\"yes\" data-elementor-lightbox-slideshow=\"8ab5402\" data-elementor-lightbox-title=\"DSC07050\" data-e-action-hash=\"#elementor-action%3Aaction%3Dlightbox%26settings%3DeyJpZCI6MTAxNiwidXJsIjoiaHR0cHM6XC9cL3d3dy5kdXJvYmFsYXJhYmlhLmNvbVwvd3AtY29udGVudFwvdXBsb2Fkc1wvMjAyM1wvMTBcL0RTQzA3MDUwLmpwZyIsInNsaWRlc2hvdyI6IjhhYjU0MDIifQ%3D%3D\">\n\t\t\t\t\t<div class=\"e-gallery-image elementor-gallery-item__image\" data-thumbnail=\"https:\/\/www.durobalarabia.com\/wp-content\/uploads\/2023\/10\/DSC07050-1024x683.jpg\" data-width=\"1024\" data-height=\"683\" aria-label=\"\" role=\"img\" ><\/div>\n\t\t\t\t\t\t\t\t\t\t\t<div class=\"elementor-gallery-item__overlay\"><\/div>\n\t\t\t\t\t\t\t\t\t\t\t\t\t\t<\/a>\n\t\t\t\t\t\t\t<a class=\"e-gallery-item elementor-gallery-item elementor-animated-content\" href=\"https:\/\/www.durobalarabia.com\/wp-content\/uploads\/2023\/10\/DSC08511.jpg\" data-elementor-open-lightbox=\"yes\" data-elementor-lightbox-slideshow=\"8ab5402\" data-elementor-lightbox-title=\"DSC08511\" data-e-action-hash=\"#elementor-action%3Aaction%3Dlightbox%26settings%3DeyJpZCI6MTAxNywidXJsIjoiaHR0cHM6XC9cL3d3dy5kdXJvYmFsYXJhYmlhLmNvbVwvd3AtY29udGVudFwvdXBsb2Fkc1wvMjAyM1wvMTBcL0RTQzA4NTExLmpwZyIsInNsaWRlc2hvdyI6IjhhYjU0MDIifQ%3D%3D\">\n\t\t\t\t\t<div class=\"e-gallery-image elementor-gallery-item__image\" data-thumbnail=\"https:\/\/www.durobalarabia.com\/wp-content\/uploads\/2023\/10\/DSC08511-1024x683.jpg\" data-width=\"1024\" data-height=\"683\" aria-label=\"\" role=\"img\" ><\/div>\n\t\t\t\t\t\t\t\t\t\t\t<div class=\"elementor-gallery-item__overlay\"><\/div>\n\t\t\t\t\t\t\t\t\t\t\t\t\t\t<\/a>\n\t\t\t\t\t\t\t<a class=\"e-gallery-item elementor-gallery-item elementor-animated-content\" href=\"https:\/\/www.durobalarabia.com\/wp-content\/uploads\/2023\/10\/DSC08587.jpg\" data-elementor-open-lightbox=\"yes\" data-elementor-lightbox-slideshow=\"8ab5402\" data-elementor-lightbox-title=\"DSC08587\" data-e-action-hash=\"#elementor-action%3Aaction%3Dlightbox%26settings%3DeyJpZCI6MTAxOCwidXJsIjoiaHR0cHM6XC9cL3d3dy5kdXJvYmFsYXJhYmlhLmNvbVwvd3AtY29udGVudFwvdXBsb2Fkc1wvMjAyM1wvMTBcL0RTQzA4NTg3LmpwZyIsInNsaWRlc2hvdyI6IjhhYjU0MDIifQ%3D%3D\">\n\t\t\t\t\t<div class=\"e-gallery-image elementor-gallery-item__image\" data-thumbnail=\"https:\/\/www.durobalarabia.com\/wp-content\/uploads\/2023\/10\/DSC08587-1024x683.jpg\" data-width=\"1024\" data-height=\"683\" aria-label=\"\" role=\"img\" ><\/div>\n\t\t\t\t\t\t\t\t\t\t\t<div class=\"elementor-gallery-item__overlay\"><\/div>\n\t\t\t\t\t\t\t\t\t\t\t\t\t\t<\/a>\n\t\t\t\t\t\t\t<a class=\"e-gallery-item elementor-gallery-item elementor-animated-content\" href=\"https:\/\/www.durobalarabia.com\/wp-content\/uploads\/2023\/10\/DSC09538.jpg\" data-elementor-open-lightbox=\"yes\" data-elementor-lightbox-slideshow=\"8ab5402\" data-elementor-lightbox-title=\"DSC09538\" data-e-action-hash=\"#elementor-action%3Aaction%3Dlightbox%26settings%3DeyJpZCI6MTAxOSwidXJsIjoiaHR0cHM6XC9cL3d3dy5kdXJvYmFsYXJhYmlhLmNvbVwvd3AtY29udGVudFwvdXBsb2Fkc1wvMjAyM1wvMTBcL0RTQzA5NTM4LmpwZyIsInNsaWRlc2hvdyI6IjhhYjU0MDIifQ%3D%3D\">\n\t\t\t\t\t<div class=\"e-gallery-image elementor-gallery-item__image\" data-thumbnail=\"https:\/\/www.durobalarabia.com\/wp-content\/uploads\/2023\/10\/DSC09538-1024x576.jpg\" data-width=\"1024\" data-height=\"576\" aria-label=\"\" role=\"img\" ><\/div>\n\t\t\t\t\t\t\t\t\t\t\t<div class=\"elementor-gallery-item__overlay\"><\/div>\n\t\t\t\t\t\t\t\t\t\t\t\t\t\t<\/a>\n\t\t\t\t\t\t\t<a class=\"e-gallery-item elementor-gallery-item elementor-animated-content\" href=\"https:\/\/www.durobalarabia.com\/wp-content\/uploads\/2023\/10\/IMG_4192.jpg\" data-elementor-open-lightbox=\"yes\" data-elementor-lightbox-slideshow=\"8ab5402\" data-elementor-lightbox-title=\"IMG_4192\" data-e-action-hash=\"#elementor-action%3Aaction%3Dlightbox%26settings%3DeyJpZCI6MTAyMCwidXJsIjoiaHR0cHM6XC9cL3d3dy5kdXJvYmFsYXJhYmlhLmNvbVwvd3AtY29udGVudFwvdXBsb2Fkc1wvMjAyM1wvMTBcL0lNR180MTkyLmpwZyIsInNsaWRlc2hvdyI6IjhhYjU0MDIifQ%3D%3D\">\n\t\t\t\t\t<div class=\"e-gallery-image elementor-gallery-item__image\" data-thumbnail=\"https:\/\/www.durobalarabia.com\/wp-content\/uploads\/2023\/10\/IMG_4192-1024x683.jpg\" data-width=\"1024\" data-height=\"683\" aria-label=\"\" role=\"img\" ><\/div>\n\t\t\t\t\t\t\t\t\t\t\t<div class=\"elementor-gallery-item__overlay\"><\/div>\n\t\t\t\t\t\t\t\t\t\t\t\t\t\t<\/a>\n\t\t\t\t\t\t\t<a class=\"e-gallery-item elementor-gallery-item elementor-animated-content\" href=\"https:\/\/www.durobalarabia.com\/wp-content\/uploads\/2023\/10\/IMG_4194.jpg\" data-elementor-open-lightbox=\"yes\" data-elementor-lightbox-slideshow=\"8ab5402\" data-elementor-lightbox-title=\"IMG_4194\" data-e-action-hash=\"#elementor-action%3Aaction%3Dlightbox%26settings%3DeyJpZCI6MTAyMSwidXJsIjoiaHR0cHM6XC9cL3d3dy5kdXJvYmFsYXJhYmlhLmNvbVwvd3AtY29udGVudFwvdXBsb2Fkc1wvMjAyM1wvMTBcL0lNR180MTk0LmpwZyIsInNsaWRlc2hvdyI6IjhhYjU0MDIifQ%3D%3D\">\n\t\t\t\t\t<div class=\"e-gallery-image elementor-gallery-item__image\" data-thumbnail=\"https:\/\/www.durobalarabia.com\/wp-content\/uploads\/2023\/10\/IMG_4194-1024x683.jpg\" data-width=\"1024\" data-height=\"683\" aria-label=\"\" role=\"img\" ><\/div>\n\t\t\t\t\t\t\t\t\t\t\t<div class=\"elementor-gallery-item__overlay\"><\/div>\n\t\t\t\t\t\t\t\t\t\t\t\t\t\t<\/a>\n\t\t\t\t\t\t\t<a class=\"e-gallery-item elementor-gallery-item elementor-animated-content\" href=\"https:\/\/www.durobalarabia.com\/wp-content\/uploads\/2023\/10\/IMG_4814.jpg\" data-elementor-open-lightbox=\"yes\" data-elementor-lightbox-slideshow=\"8ab5402\" data-elementor-lightbox-title=\"IMG_4814\" data-e-action-hash=\"#elementor-action%3Aaction%3Dlightbox%26settings%3DeyJpZCI6MTAyMiwidXJsIjoiaHR0cHM6XC9cL3d3dy5kdXJvYmFsYXJhYmlhLmNvbVwvd3AtY29udGVudFwvdXBsb2Fkc1wvMjAyM1wvMTBcL0lNR180ODE0LmpwZyIsInNsaWRlc2hvdyI6IjhhYjU0MDIifQ%3D%3D\">\n\t\t\t\t\t<div class=\"e-gallery-image elementor-gallery-item__image\" data-thumbnail=\"https:\/\/www.durobalarabia.com\/wp-content\/uploads\/2023\/10\/IMG_4814-1024x683.jpg\" data-width=\"1024\" data-height=\"683\" aria-label=\"\" role=\"img\" ><\/div>\n\t\t\t\t\t\t\t\t\t\t\t<div class=\"elementor-gallery-item__overlay\"><\/div>\n\t\t\t\t\t\t\t\t\t\t\t\t\t\t<\/a>\n\t\t\t\t\t\t\t<a class=\"e-gallery-item elementor-gallery-item elementor-animated-content\" href=\"https:\/\/www.durobalarabia.com\/wp-content\/uploads\/2023\/10\/IMG_4873.jpg\" data-elementor-open-lightbox=\"yes\" data-elementor-lightbox-slideshow=\"8ab5402\" data-elementor-lightbox-title=\"IMG_4873\" data-e-action-hash=\"#elementor-action%3Aaction%3Dlightbox%26settings%3DeyJpZCI6MTAyMywidXJsIjoiaHR0cHM6XC9cL3d3dy5kdXJvYmFsYXJhYmlhLmNvbVwvd3AtY29udGVudFwvdXBsb2Fkc1wvMjAyM1wvMTBcL0lNR180ODczLmpwZyIsInNsaWRlc2hvdyI6IjhhYjU0MDIifQ%3D%3D\">\n\t\t\t\t\t<div class=\"e-gallery-image elementor-gallery-item__image\" data-thumbnail=\"https:\/\/www.durobalarabia.com\/wp-content\/uploads\/2023\/10\/IMG_4873-1024x683.jpg\" data-width=\"1024\" data-height=\"683\" aria-label=\"\" role=\"img\" ><\/div>\n\t\t\t\t\t\t\t\t\t\t\t<div class=\"elementor-gallery-item__overlay\"><\/div>\n\t\t\t\t\t\t\t\t\t\t\t\t\t\t<\/a>\n\t\t\t\t\t\t\t<a class=\"e-gallery-item elementor-gallery-item elementor-animated-content\" href=\"https:\/\/www.durobalarabia.com\/wp-content\/uploads\/2023\/10\/IMG_4995.jpg\" data-elementor-open-lightbox=\"yes\" data-elementor-lightbox-slideshow=\"8ab5402\" data-elementor-lightbox-title=\"IMG_4995\" data-e-action-hash=\"#elementor-action%3Aaction%3Dlightbox%26settings%3DeyJpZCI6MTAyNCwidXJsIjoiaHR0cHM6XC9cL3d3dy5kdXJvYmFsYXJhYmlhLmNvbVwvd3AtY29udGVudFwvdXBsb2Fkc1wvMjAyM1wvMTBcL0lNR180OTk1LmpwZyIsInNsaWRlc2hvdyI6IjhhYjU0MDIifQ%3D%3D\">\n\t\t\t\t\t<div class=\"e-gallery-image elementor-gallery-item__image\" data-thumbnail=\"https:\/\/www.durobalarabia.com\/wp-content\/uploads\/2023\/10\/IMG_4995-1024x683.jpg\" data-width=\"1024\" data-height=\"683\" aria-label=\"\" role=\"img\" ><\/div>\n\t\t\t\t\t\t\t\t\t\t\t<div class=\"elementor-gallery-item__overlay\"><\/div>\n\t\t\t\t\t\t\t\t\t\t\t\t\t\t<\/a>\n\t\t\t\t\t\t\t<a class=\"e-gallery-item elementor-gallery-item elementor-animated-content\" href=\"https:\/\/www.durobalarabia.com\/wp-content\/uploads\/2023\/10\/IMG_5806.jpg\" data-elementor-open-lightbox=\"yes\" data-elementor-lightbox-slideshow=\"8ab5402\" data-elementor-lightbox-title=\"IMG_5806\" data-e-action-hash=\"#elementor-action%3Aaction%3Dlightbox%26settings%3DeyJpZCI6MTAyNSwidXJsIjoiaHR0cHM6XC9cL3d3dy5kdXJvYmFsYXJhYmlhLmNvbVwvd3AtY29udGVudFwvdXBsb2Fkc1wvMjAyM1wvMTBcL0lNR181ODA2LmpwZyIsInNsaWRlc2hvdyI6IjhhYjU0MDIifQ%3D%3D\">\n\t\t\t\t\t<div class=\"e-gallery-image elementor-gallery-item__image\" data-thumbnail=\"https:\/\/www.durobalarabia.com\/wp-content\/uploads\/2023\/10\/IMG_5806-1024x683.jpg\" data-width=\"1024\" data-height=\"683\" aria-label=\"\" role=\"img\" ><\/div>\n\t\t\t\t\t\t\t\t\t\t\t<div class=\"elementor-gallery-item__overlay\"><\/div>\n\t\t\t\t\t\t\t\t\t\t\t\t\t\t<\/a>\n\t\t\t\t\t\t\t<a class=\"e-gallery-item elementor-gallery-item elementor-animated-content\" href=\"https:\/\/www.durobalarabia.com\/wp-content\/uploads\/2023\/10\/IMG_6310.jpg\" data-elementor-open-lightbox=\"yes\" data-elementor-lightbox-slideshow=\"8ab5402\" data-elementor-lightbox-title=\"IMG_6310\" data-e-action-hash=\"#elementor-action%3Aaction%3Dlightbox%26settings%3DeyJpZCI6MTAyNiwidXJsIjoiaHR0cHM6XC9cL3d3dy5kdXJvYmFsYXJhYmlhLmNvbVwvd3AtY29udGVudFwvdXBsb2Fkc1wvMjAyM1wvMTBcL0lNR182MzEwLmpwZyIsInNsaWRlc2hvdyI6IjhhYjU0MDIifQ%3D%3D\">\n\t\t\t\t\t<div class=\"e-gallery-image elementor-gallery-item__image\" data-thumbnail=\"https:\/\/www.durobalarabia.com\/wp-content\/uploads\/2023\/10\/IMG_6310-1024x683.jpg\" data-width=\"1024\" data-height=\"683\" aria-label=\"\" role=\"img\" ><\/div>\n\t\t\t\t\t\t\t\t\t\t\t<div class=\"elementor-gallery-item__overlay\"><\/div>\n\t\t\t\t\t\t\t\t\t\t\t\t\t\t<\/a>\n\t\t\t\t\t<\/div>\n\t\t\t\t\t<\/div>\n\t\t\t\t<\/div>\n\t\t\t\t\t<\/div>\n\t\t\t\t<\/div>\n\t\t\t\t<\/div>","protected":false},"excerpt":{"rendered":"<p>https:\/\/www.youtube.com\/watch?v=zS2Kky5FYdQhttps:\/\/youtu.be\/GF_tegLJ23Q \u0643\u0644 \u0631\u062d\u0644\u0629 \u063a\u064a\u0631 \u0645\u0631\u062a\u0628\u0637\u0629 \u0628\u0645\u0627\u062f\u0629 \u0639\u0644\u0645\u064a\u0629 \u0644\u063a\u0648\u064a\u0629 \u0647\u064a \u0631\u062d\u0644\u0629 \u0644\u0644\u0645\u062a\u0639\u0629 \u0641\u0642\u0637 \u0648\u062e\u0627\u0631\u062c\u0629 \u0639\u0646 \u0625\u0637\u0627\u0631 \u0647\u062f\u0641\u0646\u0627. \u0644\u0630\u0644\u0643 \u062c\u0645\u064a\u0639 \u0627\u0644\u062e\u0637\u0637 \u0645\u062a\u0631\u0627\u0628\u0637\u0629 [&hellip;]<\/p>\n","protected":false},"author":1,"featured_media":0,"parent":0,"menu_order":0,"comment_status":"closed","ping_status":"closed","template":"elementor_header_footer","meta":{"_acf_changed":false,"site-sidebar-layout":"default","site-content-layout":"","ast-site-content-layout":"default","site-content-style":"default","site-sidebar-style":"default","ast-global-header-display":"","ast-banner-title-visibility":"","ast-main-header-display":"","ast-hfb-above-header-display":"","ast-hfb-below-header-display":"","ast-hfb-mobile-header-display":"","site-post-title":"","ast-breadcrumbs-content":"","ast-featured-img":"","footer-sml-layout":"","ast-disable-related-posts":"","theme-transparent-header-meta":"","adv-header-id-meta":"","stick-header-meta":"","header-above-stick-meta":"","header-main-stick-meta":"","header-below-stick-meta":"","astra-migrate-meta-layouts":"default","ast-page-background-enabled":"default","ast-page-background-meta":{"desktop":{"background-color":"var(--ast-global-color-5)","background-image":"","background-repeat":"repeat","background-position":"center center","background-size":"auto","background-attachment":"scroll","background-type":"","background-media":"","overlay-type":"","overlay-color":"","overlay-opacity":"","overlay-gradient":""},"tablet":{"background-color":"","background-image":"","background-repeat":"repeat","background-position":"center center","background-size":"auto","background-attachment":"scroll","background-type":"","background-media":"","overlay-type":"","overlay-color":"","overlay-opacity":"","overlay-gradient":""},"mobile":{"background-color":"","background-image":"","background-repeat":"repeat","background-position":"center center","background-size":"auto","background-attachment":"scroll","background-type":"","background-media":"","overlay-type":"","overlay-color":"","overlay-opacity":"","overlay-gradient":""}},"ast-content-background-meta":{"desktop":{"background-color":"var(--ast-global-color-4)","background-image":"","background-repeat":"repeat","background-position":"center center","background-size":"auto","background-attachment":"scroll","background-type":"","background-media":"","overlay-type":"","overlay-color":"","overlay-opacity":"","overlay-gradient":""},"tablet":{"background-color":"var(--ast-global-color-4)","background-image":"","background-repeat":"repeat","background-position":"center center","background-size":"auto","background-attachment":"scroll","background-type":"","background-media":"","overlay-type":"","overlay-color":"","overlay-opacity":"","overlay-gradient":""},"mobile":{"background-color":"var(--ast-global-color-4)","background-image":"","background-repeat":"repeat","background-position":"center center","background-size":"auto","background-attachment":"scroll","background-type":"","background-media":"","overlay-type":"","overlay-color":"","overlay-opacity":"","overlay-gradient":""}},"footnotes":""},"class_list":["post-439","page","type-page","status-publish","hentry"],"acf":[],"_links":{"self":[{"href":"https:\/\/www.durobalarabia.com\/tr\/wp-json\/wp\/v2\/pages\/439","targetHints":{"allow":["GET"]}}],"collection":[{"href":"https:\/\/www.durobalarabia.com\/tr\/wp-json\/wp\/v2\/pages"}],"about":[{"href":"https:\/\/www.durobalarabia.com\/tr\/wp-json\/wp\/v2\/types\/page"}],"author":[{"embeddable":true,"href":"https:\/\/www.durobalarabia.com\/tr\/wp-json\/wp\/v2\/users\/1"}],"replies":[{"embeddable":true,"href":"https:\/\/www.durobalarabia.com\/tr\/wp-json\/wp\/v2\/comments?post=439"}],"version-history":[{"count":22,"href":"https:\/\/www.durobalarabia.com\/tr\/wp-json\/wp\/v2\/pages\/439\/revisions"}],"predecessor-version":[{"id":1130,"href":"https:\/\/www.durobalarabia.com\/tr\/wp-json\/wp\/v2\/pages\/439\/revisions\/1130"}],"wp:attachment":[{"href":"https:\/\/www.durobalarabia.com\/tr\/wp-json\/wp\/v2\/media?parent=439"}],"curies":[{"name":"wp","href":"https:\/\/api.w.org\/{rel}","templated":true}]}}