{"id":450,"date":"2023-09-14T11:33:40","date_gmt":"2023-09-14T11:33:40","guid":{"rendered":"https:\/\/istanbul.up2media.net\/?page_id=450"},"modified":"2023-09-30T13:23:54","modified_gmt":"2023-09-30T13:23:54","slug":"%d8%a7%d9%84%d9%85%d8%b4%d8%b1%d9%81-%d8%a7%d9%84%d8%b9%d8%a7%d9%85-%d9%84%d9%84%d9%85%d8%ae%d9%8a%d9%85-%d9%87%d9%88-%d9%81%d9%8a-%d8%a7%d9%84%d8%a3%d8%b5%d9%84-%d9%85%d8%b9%d9%84%d9%85-%d9%84%d8%ba","status":"publish","type":"page","link":"https:\/\/www.durobalarabia.com\/tr\/%d8%a7%d9%84%d9%85%d8%b4%d8%b1%d9%81-%d8%a7%d9%84%d8%b9%d8%a7%d9%85-%d9%84%d9%84%d9%85%d8%ae%d9%8a%d9%85-%d9%87%d9%88-%d9%81%d9%8a-%d8%a7%d9%84%d8%a3%d8%b5%d9%84-%d9%85%d8%b9%d9%84%d9%85-%d9%84%d8%ba\/","title":{"rendered":"Kamp\u0131n genel sorumlusu aslen Arap\u00e7a bilmeyenlere y\u00f6nelik bir dil \u00f6\u011fretmenidir ve gereken en k\u00fc\u00e7\u00fck ayr\u0131nt\u0131lar\u0131 bilir."},"content":{"rendered":"<div data-elementor-type=\"wp-page\" data-elementor-id=\"450\" class=\"elementor elementor-450\" data-elementor-post-type=\"page\">\n\t\t\t\t<div class=\"elementor-element elementor-element-27663ef e-flex e-con-boxed e-con e-parent\" data-id=\"27663ef\" data-element_type=\"container\" data-e-type=\"container\">\n\t\t\t\t\t<div class=\"e-con-inner\">\n\t\t<div class=\"elementor-element elementor-element-d5a3e9b e-con-full e-flex e-con e-child\" data-id=\"d5a3e9b\" data-element_type=\"container\" data-e-type=\"container\">\n\t\t\t\t<div class=\"elementor-element elementor-element-a3cd44a elementor-widget elementor-widget-video\" data-id=\"a3cd44a\" data-element_type=\"widget\" data-e-type=\"widget\" data-settings=\"{&quot;youtube_url&quot;:&quot;https:\\\/\\\/www.youtube.com\\\/watch?v=982PQRcLTpc&quot;,&quot;video_type&quot;:&quot;youtube&quot;}\" data-widget_type=\"video.default\">\n\t\t\t\t<div class=\"elementor-widget-container\">\n\t\t\t\t\t\t\t<div class=\"elementor-wrapper elementor-open-inline\">\n\t\t\t<div class=\"elementor-video\"><\/div>\t\t<\/div>\n\t\t\t\t\t\t<\/div>\n\t\t\t\t<\/div>\n\t\t\t\t<\/div>\n\t\t<div class=\"elementor-element elementor-element-57c82a7 e-con-full e-flex e-con e-child\" data-id=\"57c82a7\" data-element_type=\"container\" data-e-type=\"container\">\n\t\t\t\t<div class=\"elementor-element elementor-element-5b4745d div-rtl elementor-widget elementor-widget-text-editor\" data-id=\"5b4745d\" data-element_type=\"widget\" data-e-type=\"widget\" data-widget_type=\"text-editor.default\">\n\t\t\t\t<div class=\"elementor-widget-container\">\n\t\t\t\t\t\t\t\t\t<p>Uzmanla\u015ft\u0131\u011f\u0131n\u0131z alanda \u00e7al\u0131\u015ft\u0131\u011f\u0131n\u0131zda; Sizden yarat\u0131c\u0131 olman\u0131z\u0131, kendi alan\u0131n\u0131z d\u0131\u015f\u0131nda bir alanda \u00e7al\u0131\u015ft\u0131\u011f\u0131n\u0131zda ise sadece g\u00f6revleri yerine getirmenizi bekliyorum.<\/p><p>Kamp\u0131n genel sorumlusunun Arap\u00e7a konu\u015fmayan ki\u015filere Arap\u00e7a \u00f6\u011fretme konusunda geni\u015f deneyime sahip oldu\u011fu a\u00e7\u0131kt\u0131r. Ayr\u0131ca bu \u00f6\u011frenci grubunun \u00f6zel ihtiya\u00e7lar\u0131 ve ilgi alanlar\u0131 konusunda da derin bir anlay\u0131\u015fa sahiptir.<br \/>Bu deneyime ve anlay\u0131\u015fa sahip bir genel dan\u0131\u015fmana sahip olman\u0131n \u00f6\u011frencilere sa\u011flayaca\u011f\u0131 en \u00f6nemli faydalar aras\u0131nda \u015funlar yer almaktad\u0131r:<\/p><ul><li>Bir m\u00fcfetti\u015f, \u00f6\u011frencilere ba\u015far\u0131l\u0131 bir \u015fekilde \u00f6\u011frenmeleri i\u00e7in ihtiya\u00e7 duyduklar\u0131 deste\u011fi ve rehberli\u011fi sa\u011flayabilir.<\/li><li>Genel dan\u0131\u015fman, \u00f6\u011frencilerin Arap\u00e7a dilini \u00f6\u011frenirken kar\u015f\u0131la\u015fabilecekleri zorluklar\u0131n \u00fcstesinden gelmelerine yard\u0131mc\u0131 olabilir.<\/li><li>Bir m\u00fcfetti\u015f \u00f6\u011frencilere e\u011flenceli ve etkile\u015fimli bir \u00f6\u011frenme deneyimi sa\u011flayabilir.<\/li><li>Genel dan\u0131\u015fman \u00f6\u011frencilerin di\u011fer \u00f6\u011frencilerle yeni arkada\u015fl\u0131klar kurmas\u0131na yard\u0131mc\u0131 olabilir.<\/li><\/ul><p>Size kaliteli e\u011fitim ve iyi destek sa\u011flayacak bir dil kamp\u0131 ar\u0131yorsan\u0131z bu fakt\u00f6rleri akl\u0131n\u0131zda bulundurman\u0131z \u00f6nemlidir.<\/p>\t\t\t\t\t\t\t\t<\/div>\n\t\t\t\t<\/div>\n\t\t\t\t<\/div>\n\t\t\t\t\t<\/div>\n\t\t\t\t<\/div>\n\t\t<div class=\"elementor-element elementor-element-03e4fba e-flex e-con-boxed e-con e-parent\" data-id=\"03e4fba\" data-element_type=\"container\" data-e-type=\"container\">\n\t\t\t\t\t<div class=\"e-con-inner\">\n\t\t\t\t<div class=\"elementor-element elementor-element-25cd5de elementor-widget elementor-widget-gallery\" data-id=\"25cd5de\" data-element_type=\"widget\" data-e-type=\"widget\" data-settings=\"{&quot;columns&quot;:5,&quot;lazyload&quot;:&quot;yes&quot;,&quot;gallery_layout&quot;:&quot;grid&quot;,&quot;columns_tablet&quot;:2,&quot;columns_mobile&quot;:1,&quot;gap&quot;:{&quot;unit&quot;:&quot;px&quot;,&quot;size&quot;:10,&quot;sizes&quot;:[]},&quot;gap_tablet&quot;:{&quot;unit&quot;:&quot;px&quot;,&quot;size&quot;:10,&quot;sizes&quot;:[]},&quot;gap_mobile&quot;:{&quot;unit&quot;:&quot;px&quot;,&quot;size&quot;:10,&quot;sizes&quot;:[]},&quot;link_to&quot;:&quot;file&quot;,&quot;aspect_ratio&quot;:&quot;3:2&quot;,&quot;overlay_background&quot;:&quot;yes&quot;,&quot;content_hover_animation&quot;:&quot;fade-in&quot;}\" data-widget_type=\"gallery.default\">\n\t\t\t\t<div class=\"elementor-widget-container\">\n\t\t\t\t\t\t\t<div class=\"elementor-gallery__container\">\n\t\t\t\t\t\t\t<a class=\"e-gallery-item elementor-gallery-item elementor-animated-content\" href=\"https:\/\/www.durobalarabia.com\/wp-content\/uploads\/2023\/09\/1683512214169.jpg\" data-elementor-open-lightbox=\"yes\" data-elementor-lightbox-slideshow=\"25cd5de\" data-elementor-lightbox-title=\"1683512214169\" data-e-action-hash=\"#elementor-action%3Aaction%3Dlightbox%26settings%3DeyJpZCI6NjI0LCJ1cmwiOiJodHRwczpcL1wvd3d3LmR1cm9iYWxhcmFiaWEuY29tXC93cC1jb250ZW50XC91cGxvYWRzXC8yMDIzXC8wOVwvMTY4MzUxMjIxNDE2OS5qcGciLCJzbGlkZXNob3ciOiIyNWNkNWRlIn0%3D\">\n\t\t\t\t\t<div class=\"e-gallery-image elementor-gallery-item__image\" data-thumbnail=\"https:\/\/www.durobalarabia.com\/wp-content\/uploads\/2023\/09\/1683512214169-1024x683.jpg\" data-width=\"1024\" data-height=\"683\" aria-label=\"\" role=\"img\" ><\/div>\n\t\t\t\t\t\t\t\t\t\t\t<div class=\"elementor-gallery-item__overlay\"><\/div>\n\t\t\t\t\t\t\t\t\t\t\t\t\t\t<\/a>\n\t\t\t\t\t\t\t<a class=\"e-gallery-item elementor-gallery-item elementor-animated-content\" href=\"https:\/\/www.durobalarabia.com\/wp-content\/uploads\/2023\/09\/DSC07035.jpg\" data-elementor-open-lightbox=\"yes\" data-elementor-lightbox-slideshow=\"25cd5de\" data-elementor-lightbox-title=\"DSC07035\" data-e-action-hash=\"#elementor-action%3Aaction%3Dlightbox%26settings%3DeyJpZCI6NjI1LCJ1cmwiOiJodHRwczpcL1wvd3d3LmR1cm9iYWxhcmFiaWEuY29tXC93cC1jb250ZW50XC91cGxvYWRzXC8yMDIzXC8wOVwvRFNDMDcwMzUuanBnIiwic2xpZGVzaG93IjoiMjVjZDVkZSJ9\">\n\t\t\t\t\t<div class=\"e-gallery-image elementor-gallery-item__image\" data-thumbnail=\"https:\/\/www.durobalarabia.com\/wp-content\/uploads\/2023\/09\/DSC07035-1024x683.jpg\" data-width=\"1024\" data-height=\"683\" aria-label=\"\" role=\"img\" ><\/div>\n\t\t\t\t\t\t\t\t\t\t\t<div class=\"elementor-gallery-item__overlay\"><\/div>\n\t\t\t\t\t\t\t\t\t\t\t\t\t\t<\/a>\n\t\t\t\t\t\t\t<a class=\"e-gallery-item elementor-gallery-item elementor-animated-content\" href=\"https:\/\/www.durobalarabia.com\/wp-content\/uploads\/2023\/09\/DSC07047.jpg\" data-elementor-open-lightbox=\"yes\" data-elementor-lightbox-slideshow=\"25cd5de\" data-elementor-lightbox-title=\"DSC07047\" data-e-action-hash=\"#elementor-action%3Aaction%3Dlightbox%26settings%3DeyJpZCI6NjI2LCJ1cmwiOiJodHRwczpcL1wvd3d3LmR1cm9iYWxhcmFiaWEuY29tXC93cC1jb250ZW50XC91cGxvYWRzXC8yMDIzXC8wOVwvRFNDMDcwNDcuanBnIiwic2xpZGVzaG93IjoiMjVjZDVkZSJ9\">\n\t\t\t\t\t<div class=\"e-gallery-image elementor-gallery-item__image\" data-thumbnail=\"https:\/\/www.durobalarabia.com\/wp-content\/uploads\/2023\/09\/DSC07047-1024x683.jpg\" data-width=\"1024\" data-height=\"683\" aria-label=\"\" role=\"img\" ><\/div>\n\t\t\t\t\t\t\t\t\t\t\t<div class=\"elementor-gallery-item__overlay\"><\/div>\n\t\t\t\t\t\t\t\t\t\t\t\t\t\t<\/a>\n\t\t\t\t\t\t\t<a class=\"e-gallery-item elementor-gallery-item elementor-animated-content\" href=\"https:\/\/www.durobalarabia.com\/wp-content\/uploads\/2023\/09\/DSC08084.jpg\" data-elementor-open-lightbox=\"yes\" data-elementor-lightbox-slideshow=\"25cd5de\" data-elementor-lightbox-title=\"DSC08084\" data-e-action-hash=\"#elementor-action%3Aaction%3Dlightbox%26settings%3DeyJpZCI6NjI3LCJ1cmwiOiJodHRwczpcL1wvd3d3LmR1cm9iYWxhcmFiaWEuY29tXC93cC1jb250ZW50XC91cGxvYWRzXC8yMDIzXC8wOVwvRFNDMDgwODQuanBnIiwic2xpZGVzaG93IjoiMjVjZDVkZSJ9\">\n\t\t\t\t\t<div class=\"e-gallery-image elementor-gallery-item__image\" data-thumbnail=\"https:\/\/www.durobalarabia.com\/wp-content\/uploads\/2023\/09\/DSC08084-1024x684.jpg\" data-width=\"1024\" data-height=\"684\" aria-label=\"\" role=\"img\" ><\/div>\n\t\t\t\t\t\t\t\t\t\t\t<div class=\"elementor-gallery-item__overlay\"><\/div>\n\t\t\t\t\t\t\t\t\t\t\t\t\t\t<\/a>\n\t\t\t\t\t\t\t<a class=\"e-gallery-item elementor-gallery-item elementor-animated-content\" href=\"https:\/\/www.durobalarabia.com\/wp-content\/uploads\/2023\/09\/DSC09182.jpg\" data-elementor-open-lightbox=\"yes\" data-elementor-lightbox-slideshow=\"25cd5de\" data-elementor-lightbox-title=\"DSC09182\" data-e-action-hash=\"#elementor-action%3Aaction%3Dlightbox%26settings%3DeyJpZCI6NjI4LCJ1cmwiOiJodHRwczpcL1wvd3d3LmR1cm9iYWxhcmFiaWEuY29tXC93cC1jb250ZW50XC91cGxvYWRzXC8yMDIzXC8wOVwvRFNDMDkxODIuanBnIiwic2xpZGVzaG93IjoiMjVjZDVkZSJ9\">\n\t\t\t\t\t<div class=\"e-gallery-image elementor-gallery-item__image\" data-thumbnail=\"https:\/\/www.durobalarabia.com\/wp-content\/uploads\/2023\/09\/DSC09182.jpg\" data-width=\"432\" data-height=\"768\" aria-label=\"\" role=\"img\" ><\/div>\n\t\t\t\t\t\t\t\t\t\t\t<div class=\"elementor-gallery-item__overlay\"><\/div>\n\t\t\t\t\t\t\t\t\t\t\t\t\t\t<\/a>\n\t\t\t\t\t\t\t<a class=\"e-gallery-item elementor-gallery-item elementor-animated-content\" href=\"https:\/\/www.durobalarabia.com\/wp-content\/uploads\/2023\/09\/DSCF2150.jpg\" data-elementor-open-lightbox=\"yes\" data-elementor-lightbox-slideshow=\"25cd5de\" data-elementor-lightbox-title=\"DSCF2150\" data-e-action-hash=\"#elementor-action%3Aaction%3Dlightbox%26settings%3DeyJpZCI6NjI5LCJ1cmwiOiJodHRwczpcL1wvd3d3LmR1cm9iYWxhcmFiaWEuY29tXC93cC1jb250ZW50XC91cGxvYWRzXC8yMDIzXC8wOVwvRFNDRjIxNTAuanBnIiwic2xpZGVzaG93IjoiMjVjZDVkZSJ9\">\n\t\t\t\t\t<div class=\"e-gallery-image elementor-gallery-item__image\" data-thumbnail=\"https:\/\/www.durobalarabia.com\/wp-content\/uploads\/2023\/09\/DSCF2150-1024x683.jpg\" data-width=\"1024\" data-height=\"683\" aria-label=\"\" role=\"img\" ><\/div>\n\t\t\t\t\t\t\t\t\t\t\t<div class=\"elementor-gallery-item__overlay\"><\/div>\n\t\t\t\t\t\t\t\t\t\t\t\t\t\t<\/a>\n\t\t\t\t\t\t\t<a class=\"e-gallery-item elementor-gallery-item elementor-animated-content\" href=\"https:\/\/www.durobalarabia.com\/wp-content\/uploads\/2023\/09\/IMG_4582.jpg\" data-elementor-open-lightbox=\"yes\" data-elementor-lightbox-slideshow=\"25cd5de\" data-elementor-lightbox-title=\"IMG_4582\" data-e-action-hash=\"#elementor-action%3Aaction%3Dlightbox%26settings%3DeyJpZCI6NjMwLCJ1cmwiOiJodHRwczpcL1wvd3d3LmR1cm9iYWxhcmFiaWEuY29tXC93cC1jb250ZW50XC91cGxvYWRzXC8yMDIzXC8wOVwvSU1HXzQ1ODIuanBnIiwic2xpZGVzaG93IjoiMjVjZDVkZSJ9\">\n\t\t\t\t\t<div class=\"e-gallery-image elementor-gallery-item__image\" data-thumbnail=\"https:\/\/www.durobalarabia.com\/wp-content\/uploads\/2023\/09\/IMG_4582-1024x683.jpg\" data-width=\"1024\" data-height=\"683\" aria-label=\"\" role=\"img\" ><\/div>\n\t\t\t\t\t\t\t\t\t\t\t<div class=\"elementor-gallery-item__overlay\"><\/div>\n\t\t\t\t\t\t\t\t\t\t\t\t\t\t<\/a>\n\t\t\t\t\t\t\t<a class=\"e-gallery-item elementor-gallery-item elementor-animated-content\" href=\"https:\/\/www.durobalarabia.com\/wp-content\/uploads\/2023\/09\/IMG_4914.jpg\" data-elementor-open-lightbox=\"yes\" data-elementor-lightbox-slideshow=\"25cd5de\" data-elementor-lightbox-title=\"IMG_4914\" data-e-action-hash=\"#elementor-action%3Aaction%3Dlightbox%26settings%3DeyJpZCI6NjMxLCJ1cmwiOiJodHRwczpcL1wvd3d3LmR1cm9iYWxhcmFiaWEuY29tXC93cC1jb250ZW50XC91cGxvYWRzXC8yMDIzXC8wOVwvSU1HXzQ5MTQuanBnIiwic2xpZGVzaG93IjoiMjVjZDVkZSJ9\">\n\t\t\t\t\t<div class=\"e-gallery-image elementor-gallery-item__image\" data-thumbnail=\"https:\/\/www.durobalarabia.com\/wp-content\/uploads\/2023\/09\/IMG_4914-1024x683.jpg\" data-width=\"1024\" data-height=\"683\" aria-label=\"\" role=\"img\" ><\/div>\n\t\t\t\t\t\t\t\t\t\t\t<div class=\"elementor-gallery-item__overlay\"><\/div>\n\t\t\t\t\t\t\t\t\t\t\t\t\t\t<\/a>\n\t\t\t\t\t\t\t<a class=\"e-gallery-item elementor-gallery-item elementor-animated-content\" href=\"https:\/\/www.durobalarabia.com\/wp-content\/uploads\/2023\/09\/IMG_5191.jpg\" data-elementor-open-lightbox=\"yes\" data-elementor-lightbox-slideshow=\"25cd5de\" data-elementor-lightbox-title=\"IMG_5191\" data-e-action-hash=\"#elementor-action%3Aaction%3Dlightbox%26settings%3DeyJpZCI6NjMyLCJ1cmwiOiJodHRwczpcL1wvd3d3LmR1cm9iYWxhcmFiaWEuY29tXC93cC1jb250ZW50XC91cGxvYWRzXC8yMDIzXC8wOVwvSU1HXzUxOTEuanBnIiwic2xpZGVzaG93IjoiMjVjZDVkZSJ9\">\n\t\t\t\t\t<div class=\"e-gallery-image elementor-gallery-item__image\" data-thumbnail=\"https:\/\/www.durobalarabia.com\/wp-content\/uploads\/2023\/09\/IMG_5191-1024x683.jpg\" data-width=\"1024\" data-height=\"683\" aria-label=\"\" role=\"img\" ><\/div>\n\t\t\t\t\t\t\t\t\t\t\t<div class=\"elementor-gallery-item__overlay\"><\/div>\n\t\t\t\t\t\t\t\t\t\t\t\t\t\t<\/a>\n\t\t\t\t\t\t\t<a class=\"e-gallery-item elementor-gallery-item elementor-animated-content\" href=\"https:\/\/www.durobalarabia.com\/wp-content\/uploads\/2023\/09\/IMG_5274.jpg\" data-elementor-open-lightbox=\"yes\" data-elementor-lightbox-slideshow=\"25cd5de\" data-elementor-lightbox-title=\"IMG_5274\" data-e-action-hash=\"#elementor-action%3Aaction%3Dlightbox%26settings%3DeyJpZCI6NjMzLCJ1cmwiOiJodHRwczpcL1wvd3d3LmR1cm9iYWxhcmFiaWEuY29tXC93cC1jb250ZW50XC91cGxvYWRzXC8yMDIzXC8wOVwvSU1HXzUyNzQuanBnIiwic2xpZGVzaG93IjoiMjVjZDVkZSJ9\">\n\t\t\t\t\t<div class=\"e-gallery-image elementor-gallery-item__image\" data-thumbnail=\"https:\/\/www.durobalarabia.com\/wp-content\/uploads\/2023\/09\/IMG_5274-1024x683.jpg\" data-width=\"1024\" data-height=\"683\" aria-label=\"\" role=\"img\" ><\/div>\n\t\t\t\t\t\t\t\t\t\t\t<div class=\"elementor-gallery-item__overlay\"><\/div>\n\t\t\t\t\t\t\t\t\t\t\t\t\t\t<\/a>\n\t\t\t\t\t<\/div>\n\t\t\t\t\t<\/div>\n\t\t\t\t<\/div>\n\t\t\t\t\t<\/div>\n\t\t\t\t<\/div>\n\t\t\t\t<\/div>","protected":false},"excerpt":{"rendered":"<p>https:\/\/www.youtube.com\/watch?v=982PQRcLTpc \u0639\u0646\u062f\u0645\u0627 \u062a\u0639\u0645\u0644 \u0641\u064a \u0627\u0644\u0645\u062c\u0627\u0644 \u0627\u0644\u0630\u064a \u0623\u0646\u062a \u0645\u062a\u062e\u0635\u0635 \u0641\u064a\u0647\u061b \u0623\u0646\u062a\u0638\u0631 \u0645\u0646\u0643 \u0627\u0644\u0625\u0628\u062f\u0627\u0639\u060c \u0648\u0639\u0646\u062f\u0645\u0627 \u062a\u0639\u0645\u0644 \u0641\u064a \u0645\u062c\u0627\u0644 \u063a\u064a\u0631 \u0645\u062c\u0627\u0644\u0643 \u0623\u0646\u062a\u0638\u0631 \u0645\u0646\u0643 [&hellip;]<\/p>\n","protected":false},"author":1,"featured_media":0,"parent":0,"menu_order":0,"comment_status":"closed","ping_status":"closed","template":"elementor_header_footer","meta":{"_acf_changed":false,"site-sidebar-layout":"default","site-content-layout":"","ast-site-content-layout":"default","site-content-style":"default","site-sidebar-style":"default","ast-global-header-display":"","ast-banner-title-visibility":"","ast-main-header-display":"","ast-hfb-above-header-display":"","ast-hfb-below-header-display":"","ast-hfb-mobile-header-display":"","site-post-title":"","ast-breadcrumbs-content":"","ast-featured-img":"","footer-sml-layout":"","ast-disable-related-posts":"","theme-transparent-header-meta":"","adv-header-id-meta":"","stick-header-meta":"","header-above-stick-meta":"","header-main-stick-meta":"","header-below-stick-meta":"","astra-migrate-meta-layouts":"default","ast-page-background-enabled":"default","ast-page-background-meta":{"desktop":{"background-color":"var(--ast-global-color-5)","background-image":"","background-repeat":"repeat","background-position":"center center","background-size":"auto","background-attachment":"scroll","background-type":"","background-media":"","overlay-type":"","overlay-color":"","overlay-opacity":"","overlay-gradient":""},"tablet":{"background-color":"","background-image":"","background-repeat":"repeat","background-position":"center center","background-size":"auto","background-attachment":"scroll","background-type":"","background-media":"","overlay-type":"","overlay-color":"","overlay-opacity":"","overlay-gradient":""},"mobile":{"background-color":"","background-image":"","background-repeat":"repeat","background-position":"center center","background-size":"auto","background-attachment":"scroll","background-type":"","background-media":"","overlay-type":"","overlay-color":"","overlay-opacity":"","overlay-gradient":""}},"ast-content-background-meta":{"desktop":{"background-color":"var(--ast-global-color-4)","background-image":"","background-repeat":"repeat","background-position":"center center","background-size":"auto","background-attachment":"scroll","background-type":"","background-media":"","overlay-type":"","overlay-color":"","overlay-opacity":"","overlay-gradient":""},"tablet":{"background-color":"var(--ast-global-color-4)","background-image":"","background-repeat":"repeat","background-position":"center center","background-size":"auto","background-attachment":"scroll","background-type":"","background-media":"","overlay-type":"","overlay-color":"","overlay-opacity":"","overlay-gradient":""},"mobile":{"background-color":"var(--ast-global-color-4)","background-image":"","background-repeat":"repeat","background-position":"center center","background-size":"auto","background-attachment":"scroll","background-type":"","background-media":"","overlay-type":"","overlay-color":"","overlay-opacity":"","overlay-gradient":""}},"footnotes":""},"class_list":["post-450","page","type-page","status-publish","hentry"],"acf":[],"_links":{"self":[{"href":"https:\/\/www.durobalarabia.com\/tr\/wp-json\/wp\/v2\/pages\/450","targetHints":{"allow":["GET"]}}],"collection":[{"href":"https:\/\/www.durobalarabia.com\/tr\/wp-json\/wp\/v2\/pages"}],"about":[{"href":"https:\/\/www.durobalarabia.com\/tr\/wp-json\/wp\/v2\/types\/page"}],"author":[{"embeddable":true,"href":"https:\/\/www.durobalarabia.com\/tr\/wp-json\/wp\/v2\/users\/1"}],"replies":[{"embeddable":true,"href":"https:\/\/www.durobalarabia.com\/tr\/wp-json\/wp\/v2\/comments?post=450"}],"version-history":[{"count":13,"href":"https:\/\/www.durobalarabia.com\/tr\/wp-json\/wp\/v2\/pages\/450\/revisions"}],"predecessor-version":[{"id":859,"href":"https:\/\/www.durobalarabia.com\/tr\/wp-json\/wp\/v2\/pages\/450\/revisions\/859"}],"wp:attachment":[{"href":"https:\/\/www.durobalarabia.com\/tr\/wp-json\/wp\/v2\/media?parent=450"}],"curies":[{"name":"wp","href":"https:\/\/api.w.org\/{rel}","templated":true}]}}