{"id":490,"date":"2023-09-14T15:55:46","date_gmt":"2023-09-14T15:55:46","guid":{"rendered":"https:\/\/istanbul.up2media.net\/?page_id=490"},"modified":"2023-10-03T14:11:35","modified_gmt":"2023-10-03T14:11:35","slug":"%d9%85%d8%ad%d8%a7%d8%af%d8%ab%d8%a9-%d9%85%d8%b9-%d8%a7%d9%84%d9%85%d8%b9%d9%84%d9%85%d9%8a%d9%86-%d9%88%d8%a7%d9%84%d9%85%d8%b4%d8%b1%d9%81%d9%8a%d9%86-%d9%82%d8%a8%d9%84-%d8%b2%d9%8a%d8%a7%d8%b1","status":"publish","type":"page","link":"https:\/\/www.durobalarabia.com\/tr\/%d9%85%d8%ad%d8%a7%d8%af%d8%ab%d8%a9-%d9%85%d8%b9-%d8%a7%d9%84%d9%85%d8%b9%d9%84%d9%85%d9%8a%d9%86-%d9%88%d8%a7%d9%84%d9%85%d8%b4%d8%b1%d9%81%d9%8a%d9%86-%d9%82%d8%a8%d9%84-%d8%b2%d9%8a%d8%a7%d8%b1\/","title":{"rendered":"\u00dcrd\u00fcn'\u00fc ziyaret etmeden \u00f6nce \u00f6\u011fretmenler ve amirlerle \u0130nternet \u00fczerinden sohbet edin."},"content":{"rendered":"<div data-elementor-type=\"wp-page\" data-elementor-id=\"490\" class=\"elementor elementor-490\" data-elementor-post-type=\"page\">\n\t\t\t\t<div class=\"elementor-element elementor-element-27663ef e-flex e-con-boxed e-con e-parent\" data-id=\"27663ef\" data-element_type=\"container\" data-e-type=\"container\">\n\t\t\t\t\t<div class=\"e-con-inner\">\n\t\t<div class=\"elementor-element elementor-element-d5a3e9b e-con-full e-flex e-con e-child\" data-id=\"d5a3e9b\" data-element_type=\"container\" data-e-type=\"container\">\n\t\t\t\t<\/div>\n\t\t<div class=\"elementor-element elementor-element-57c82a7 e-con-full e-flex e-con e-child\" data-id=\"57c82a7\" data-element_type=\"container\" data-e-type=\"container\">\n\t\t\t\t<div class=\"elementor-element elementor-element-5b4745d div-rtl elementor-widget elementor-widget-text-editor\" data-id=\"5b4745d\" data-element_type=\"widget\" data-e-type=\"widget\" data-widget_type=\"text-editor.default\">\n\t\t\t\t<div class=\"elementor-widget-container\">\n\t\t\t\t\t\t\t\t\t<p><strong>\u00dcrd\u00fcn'e gitmeden \u00f6nce \u00f6\u011frencinin korku ve deh\u015fet bariyerini k\u0131rmak veya gelmeden \u00f6nce t\u00fcm sorular\u0131n\u0131 yan\u0131tlamak i\u00e7in bu konudan yararlan\u0131yoruz.<\/strong><\/p><p>\u00d6\u011frencilerin yeni bir \u00fclkeyi ziyaret etmeden \u00f6nce kendilerini rahat ve g\u00fcvende hissetmeleri \u00f6nemli oldu\u011fundan, bu harika ve yarat\u0131c\u0131 bir prosed\u00fcrd\u00fc. \u00d6\u011fretmenler ve g\u00f6zetmenlerle yap\u0131lan g\u00f6r\u00fc\u015fmeler, \u00f6\u011frencilerin \u00dcrd\u00fcn k\u00fclt\u00fcr\u00fc ve \u00f6\u011frencilerin beklentileri hakk\u0131nda bilgi edinmelerine yard\u0131mc\u0131 olabilir. Ayr\u0131ca \u00f6\u011frencilerin \u00dcrd\u00fcn veya gezileri hakk\u0131nda sahip olabilece\u011fi her t\u00fcrl\u00fc soruyu yan\u0131tlayabilirler.<br \/>\u00d6\u011frencilerin \u00f6\u011fretmenlere ve denet\u00e7ilere sorabilecekleri baz\u0131 sorular \u015funlard\u0131r:<br \/>\u00dcrd\u00fcn k\u00fclt\u00fcr\u00fc nedir?<br \/>\u00d6\u011frencilerden beklentileriniz nelerdir?<br \/>Gitmeden \u00f6nce \u00dcrd\u00fcn hakk\u0131nda bilmem gereken \u015feyler nelerdir?<br \/>\u00dcrd\u00fcn'de gidilecek yerler nereleridir?<br \/>\u00dcrd\u00fcn'de tatmam gereken yiyecekler nelerdir?<br \/>\u00dcrd\u00fcn'de yapmam gereken baz\u0131 \u015feyler nelerdir?<br \/>\u00d6\u011fretmenler ve g\u00f6zetmenler de bu konu\u015fmalar\u0131 \u00f6\u011frencilerin korku ve korkular\u0131n\u0131 k\u0131rmak i\u00e7in kullanabilirler. \u00dcrd\u00fcn'\u00fc ziyaret ederken ya\u015fad\u0131klar\u0131 deneyimlerden ve bundan nas\u0131l keyif ald\u0131klar\u0131ndan bahsedebilirler. Ayr\u0131ca \u00dcrd\u00fcn'deki g\u00fcvenlik ve \u00dcrd\u00fcn'\u00fcn ziyaret etmek i\u00e7in ne kadar g\u00fcvenli bir \u00fclke oldu\u011fu hakk\u0131nda da konu\u015fabilirler.<\/p>\t\t\t\t\t\t\t\t<\/div>\n\t\t\t\t<\/div>\n\t\t\t\t<\/div>\n\t\t\t\t\t<\/div>\n\t\t\t\t<\/div>\n\t\t<div class=\"elementor-element elementor-element-03e4fba e-flex e-con-boxed e-con e-parent\" data-id=\"03e4fba\" data-element_type=\"container\" data-e-type=\"container\">\n\t\t\t\t\t<div class=\"e-con-inner\">\n\t\t\t\t<div class=\"elementor-element elementor-element-d7da228 gallery-spacing-custom elementor-widget elementor-widget-image-gallery\" data-id=\"d7da228\" data-element_type=\"widget\" data-e-type=\"widget\" data-widget_type=\"image-gallery.default\">\n\t\t\t\t<div class=\"elementor-widget-container\">\n\t\t\t\t\t\t\t<div class=\"elementor-image-gallery\">\n\t\t\t<div id='gallery-1' class='gallery galleryid-490 gallery-columns-3 gallery-size-medium_large'><figure class='gallery-item'>\n\t\t\t<div class='gallery-icon landscape'>\n\t\t\t\t<a data-elementor-open-lightbox=\"yes\" data-elementor-lightbox-slideshow=\"d7da228\" data-elementor-lightbox-title=\"akdemistanbul_turkceegitim_07\" data-e-action-hash=\"#elementor-action%3Aaction%3Dlightbox%26settings%3DeyJpZCI6Mzg3LCJ1cmwiOiJodHRwczpcL1wvd3d3LmR1cm9iYWxhcmFiaWEuY29tXC93cC1jb250ZW50XC91cGxvYWRzXC8yMDIzXC8wOVwvYWtkZW1pc3RhbmJ1bF90dXJrY2VlZ2l0aW1fMDcuanBnIiwic2xpZGVzaG93IjoiZDdkYTIyOCJ9\" href='https:\/\/www.durobalarabia.com\/wp-content\/uploads\/2023\/09\/akdemistanbul_turkceegitim_07.jpg'><img fetchpriority=\"high\" decoding=\"async\" width=\"768\" height=\"576\" src=\"https:\/\/www.durobalarabia.com\/wp-content\/uploads\/2023\/09\/akdemistanbul_turkceegitim_07-768x576.jpg\" class=\"attachment-medium_large size-medium_large\" alt=\"\" srcset=\"https:\/\/www.durobalarabia.com\/wp-content\/uploads\/2023\/09\/akdemistanbul_turkceegitim_07-768x576.jpg 768w, https:\/\/www.durobalarabia.com\/wp-content\/uploads\/2023\/09\/akdemistanbul_turkceegitim_07-300x225.jpg 300w, https:\/\/www.durobalarabia.com\/wp-content\/uploads\/2023\/09\/akdemistanbul_turkceegitim_07.jpg 800w\" sizes=\"(max-width: 768px) 100vw, 768px\" \/><\/a>\n\t\t\t<\/div><\/figure><figure class='gallery-item'>\n\t\t\t<div class='gallery-icon landscape'>\n\t\t\t\t<a data-elementor-open-lightbox=\"yes\" data-elementor-lightbox-slideshow=\"d7da228\" data-elementor-lightbox-title=\"akdemistanbul_turkceegitim_06\" data-e-action-hash=\"#elementor-action%3Aaction%3Dlightbox%26settings%3DeyJpZCI6Mzg4LCJ1cmwiOiJodHRwczpcL1wvd3d3LmR1cm9iYWxhcmFiaWEuY29tXC93cC1jb250ZW50XC91cGxvYWRzXC8yMDIzXC8wOVwvYWtkZW1pc3RhbmJ1bF90dXJrY2VlZ2l0aW1fMDYuanBnIiwic2xpZGVzaG93IjoiZDdkYTIyOCJ9\" href='https:\/\/www.durobalarabia.com\/wp-content\/uploads\/2023\/09\/akdemistanbul_turkceegitim_06.jpg'><img decoding=\"async\" width=\"768\" height=\"576\" src=\"https:\/\/www.durobalarabia.com\/wp-content\/uploads\/2023\/09\/akdemistanbul_turkceegitim_06-768x576.jpg\" class=\"attachment-medium_large size-medium_large\" alt=\"\" srcset=\"https:\/\/www.durobalarabia.com\/wp-content\/uploads\/2023\/09\/akdemistanbul_turkceegitim_06-768x576.jpg 768w, https:\/\/www.durobalarabia.com\/wp-content\/uploads\/2023\/09\/akdemistanbul_turkceegitim_06-300x225.jpg 300w, https:\/\/www.durobalarabia.com\/wp-content\/uploads\/2023\/09\/akdemistanbul_turkceegitim_06.jpg 800w\" sizes=\"(max-width: 768px) 100vw, 768px\" \/><\/a>\n\t\t\t<\/div><\/figure><figure class='gallery-item'>\n\t\t\t<div class='gallery-icon landscape'>\n\t\t\t\t<a data-elementor-open-lightbox=\"yes\" data-elementor-lightbox-slideshow=\"d7da228\" data-elementor-lightbox-title=\"akdemistanbul_turkceegitim_05\" data-e-action-hash=\"#elementor-action%3Aaction%3Dlightbox%26settings%3DeyJpZCI6Mzg5LCJ1cmwiOiJodHRwczpcL1wvd3d3LmR1cm9iYWxhcmFiaWEuY29tXC93cC1jb250ZW50XC91cGxvYWRzXC8yMDIzXC8wOVwvYWtkZW1pc3RhbmJ1bF90dXJrY2VlZ2l0aW1fMDUuanBnIiwic2xpZGVzaG93IjoiZDdkYTIyOCJ9\" href='https:\/\/www.durobalarabia.com\/wp-content\/uploads\/2023\/09\/akdemistanbul_turkceegitim_05.jpg'><img decoding=\"async\" width=\"768\" height=\"576\" src=\"https:\/\/www.durobalarabia.com\/wp-content\/uploads\/2023\/09\/akdemistanbul_turkceegitim_05-768x576.jpg\" class=\"attachment-medium_large size-medium_large\" alt=\"\" srcset=\"https:\/\/www.durobalarabia.com\/wp-content\/uploads\/2023\/09\/akdemistanbul_turkceegitim_05-768x576.jpg 768w, https:\/\/www.durobalarabia.com\/wp-content\/uploads\/2023\/09\/akdemistanbul_turkceegitim_05-300x225.jpg 300w, https:\/\/www.durobalarabia.com\/wp-content\/uploads\/2023\/09\/akdemistanbul_turkceegitim_05.jpg 800w\" sizes=\"(max-width: 768px) 100vw, 768px\" \/><\/a>\n\t\t\t<\/div><\/figure><figure class='gallery-item'>\n\t\t\t<div class='gallery-icon landscape'>\n\t\t\t\t<a data-elementor-open-lightbox=\"yes\" data-elementor-lightbox-slideshow=\"d7da228\" data-elementor-lightbox-title=\"akdemistanbul_turkceegitim_04\" data-e-action-hash=\"#elementor-action%3Aaction%3Dlightbox%26settings%3DeyJpZCI6MzkwLCJ1cmwiOiJodHRwczpcL1wvd3d3LmR1cm9iYWxhcmFiaWEuY29tXC93cC1jb250ZW50XC91cGxvYWRzXC8yMDIzXC8wOVwvYWtkZW1pc3RhbmJ1bF90dXJrY2VlZ2l0aW1fMDQuanBnIiwic2xpZGVzaG93IjoiZDdkYTIyOCJ9\" href='https:\/\/www.durobalarabia.com\/wp-content\/uploads\/2023\/09\/akdemistanbul_turkceegitim_04.jpg'><img loading=\"lazy\" decoding=\"async\" width=\"768\" height=\"576\" src=\"https:\/\/www.durobalarabia.com\/wp-content\/uploads\/2023\/09\/akdemistanbul_turkceegitim_04-768x576.jpg\" class=\"attachment-medium_large size-medium_large\" alt=\"\" srcset=\"https:\/\/www.durobalarabia.com\/wp-content\/uploads\/2023\/09\/akdemistanbul_turkceegitim_04-768x576.jpg 768w, https:\/\/www.durobalarabia.com\/wp-content\/uploads\/2023\/09\/akdemistanbul_turkceegitim_04-300x225.jpg 300w, https:\/\/www.durobalarabia.com\/wp-content\/uploads\/2023\/09\/akdemistanbul_turkceegitim_04.jpg 800w\" sizes=\"(max-width: 768px) 100vw, 768px\" \/><\/a>\n\t\t\t<\/div><\/figure><figure class='gallery-item'>\n\t\t\t<div class='gallery-icon landscape'>\n\t\t\t\t<a data-elementor-open-lightbox=\"yes\" data-elementor-lightbox-slideshow=\"d7da228\" data-elementor-lightbox-title=\"akdemistanbul_turkceegitim_02\" data-e-action-hash=\"#elementor-action%3Aaction%3Dlightbox%26settings%3DeyJpZCI6MzkxLCJ1cmwiOiJodHRwczpcL1wvd3d3LmR1cm9iYWxhcmFiaWEuY29tXC93cC1jb250ZW50XC91cGxvYWRzXC8yMDIzXC8wOVwvYWtkZW1pc3RhbmJ1bF90dXJrY2VlZ2l0aW1fMDIuanBnIiwic2xpZGVzaG93IjoiZDdkYTIyOCJ9\" href='https:\/\/www.durobalarabia.com\/wp-content\/uploads\/2023\/09\/akdemistanbul_turkceegitim_02.jpg'><img loading=\"lazy\" decoding=\"async\" width=\"768\" height=\"576\" src=\"https:\/\/www.durobalarabia.com\/wp-content\/uploads\/2023\/09\/akdemistanbul_turkceegitim_02-768x576.jpg\" class=\"attachment-medium_large size-medium_large\" alt=\"\" srcset=\"https:\/\/www.durobalarabia.com\/wp-content\/uploads\/2023\/09\/akdemistanbul_turkceegitim_02-768x576.jpg 768w, https:\/\/www.durobalarabia.com\/wp-content\/uploads\/2023\/09\/akdemistanbul_turkceegitim_02-300x225.jpg 300w, https:\/\/www.durobalarabia.com\/wp-content\/uploads\/2023\/09\/akdemistanbul_turkceegitim_02.jpg 800w\" sizes=\"(max-width: 768px) 100vw, 768px\" \/><\/a>\n\t\t\t<\/div><\/figure><figure class='gallery-item'>\n\t\t\t<div class='gallery-icon landscape'>\n\t\t\t\t<a data-elementor-open-lightbox=\"yes\" data-elementor-lightbox-slideshow=\"d7da228\" data-elementor-lightbox-title=\"akdemistanbul_turkceegitim_01\" data-e-action-hash=\"#elementor-action%3Aaction%3Dlightbox%26settings%3DeyJpZCI6MzkyLCJ1cmwiOiJodHRwczpcL1wvd3d3LmR1cm9iYWxhcmFiaWEuY29tXC93cC1jb250ZW50XC91cGxvYWRzXC8yMDIzXC8wOVwvYWtkZW1pc3RhbmJ1bF90dXJrY2VlZ2l0aW1fMDEuanBnIiwic2xpZGVzaG93IjoiZDdkYTIyOCJ9\" href='https:\/\/www.durobalarabia.com\/wp-content\/uploads\/2023\/09\/akdemistanbul_turkceegitim_01.jpg'><img loading=\"lazy\" decoding=\"async\" width=\"768\" height=\"576\" src=\"https:\/\/www.durobalarabia.com\/wp-content\/uploads\/2023\/09\/akdemistanbul_turkceegitim_01-768x576.jpg\" class=\"attachment-medium_large size-medium_large\" alt=\"\" srcset=\"https:\/\/www.durobalarabia.com\/wp-content\/uploads\/2023\/09\/akdemistanbul_turkceegitim_01-768x576.jpg 768w, https:\/\/www.durobalarabia.com\/wp-content\/uploads\/2023\/09\/akdemistanbul_turkceegitim_01-300x225.jpg 300w, https:\/\/www.durobalarabia.com\/wp-content\/uploads\/2023\/09\/akdemistanbul_turkceegitim_01.jpg 800w\" sizes=\"(max-width: 768px) 100vw, 768px\" \/><\/a>\n\t\t\t<\/div><\/figure>\n\t\t<\/div>\n\t\t<\/div>\n\t\t\t\t\t\t<\/div>\n\t\t\t\t<\/div>\n\t\t\t\t\t<\/div>\n\t\t\t\t<\/div>\n\t\t\t\t<\/div>","protected":false},"excerpt":{"rendered":"<p>\u0646\u0633\u062a\u0641\u064a\u062f \u0645\u0646 \u0647\u0630\u0627 \u0627\u0644\u0623\u0645\u0631 \u0641\u064a \u0643\u0633\u0631 \u062d\u0627\u062c\u0632 \u0627\u0644\u062e\u0648\u0641 \u0648\u0627\u0644\u0631\u0647\u0628\u0629 \u0645\u0646 \u0627\u0644\u0637\u0627\u0644\u0628 \u0642\u0628\u0644 \u0632\u064a\u0627\u0631\u0629 \u0627\u0644\u0623\u0631\u062f\u0646\u060c \u0623\u0648 \u0627\u0644\u0625\u062c\u0627\u0628\u0629 \u0639\u0644\u0649 \u062c\u0645\u064a\u0639 \u062a\u0633\u0627\u0624\u0644\u0627\u062a\u0647 \u0642\u0628\u0644 [&hellip;]<\/p>\n","protected":false},"author":1,"featured_media":0,"parent":0,"menu_order":0,"comment_status":"closed","ping_status":"closed","template":"elementor_header_footer","meta":{"_acf_changed":false,"site-sidebar-layout":"default","site-content-layout":"","ast-site-content-layout":"default","site-content-style":"default","site-sidebar-style":"default","ast-global-header-display":"","ast-banner-title-visibility":"","ast-main-header-display":"","ast-hfb-above-header-display":"","ast-hfb-below-header-display":"","ast-hfb-mobile-header-display":"","site-post-title":"","ast-breadcrumbs-content":"","ast-featured-img":"","footer-sml-layout":"","ast-disable-related-posts":"","theme-transparent-header-meta":"","adv-header-id-meta":"","stick-header-meta":"","header-above-stick-meta":"","header-main-stick-meta":"","header-below-stick-meta":"","astra-migrate-meta-layouts":"default","ast-page-background-enabled":"default","ast-page-background-meta":{"desktop":{"background-color":"var(--ast-global-color-5)","background-image":"","background-repeat":"repeat","background-position":"center center","background-size":"auto","background-attachment":"scroll","background-type":"","background-media":"","overlay-type":"","overlay-color":"","overlay-opacity":"","overlay-gradient":""},"tablet":{"background-color":"","background-image":"","background-repeat":"repeat","background-position":"center center","background-size":"auto","background-attachment":"scroll","background-type":"","background-media":"","overlay-type":"","overlay-color":"","overlay-opacity":"","overlay-gradient":""},"mobile":{"background-color":"","background-image":"","background-repeat":"repeat","background-position":"center center","background-size":"auto","background-attachment":"scroll","background-type":"","background-media":"","overlay-type":"","overlay-color":"","overlay-opacity":"","overlay-gradient":""}},"ast-content-background-meta":{"desktop":{"background-color":"var(--ast-global-color-4)","background-image":"","background-repeat":"repeat","background-position":"center center","background-size":"auto","background-attachment":"scroll","background-type":"","background-media":"","overlay-type":"","overlay-color":"","overlay-opacity":"","overlay-gradient":""},"tablet":{"background-color":"var(--ast-global-color-4)","background-image":"","background-repeat":"repeat","background-position":"center center","background-size":"auto","background-attachment":"scroll","background-type":"","background-media":"","overlay-type":"","overlay-color":"","overlay-opacity":"","overlay-gradient":""},"mobile":{"background-color":"var(--ast-global-color-4)","background-image":"","background-repeat":"repeat","background-position":"center center","background-size":"auto","background-attachment":"scroll","background-type":"","background-media":"","overlay-type":"","overlay-color":"","overlay-opacity":"","overlay-gradient":""}},"footnotes":""},"class_list":["post-490","page","type-page","status-publish","hentry"],"acf":[],"_links":{"self":[{"href":"https:\/\/www.durobalarabia.com\/tr\/wp-json\/wp\/v2\/pages\/490","targetHints":{"allow":["GET"]}}],"collection":[{"href":"https:\/\/www.durobalarabia.com\/tr\/wp-json\/wp\/v2\/pages"}],"about":[{"href":"https:\/\/www.durobalarabia.com\/tr\/wp-json\/wp\/v2\/types\/page"}],"author":[{"embeddable":true,"href":"https:\/\/www.durobalarabia.com\/tr\/wp-json\/wp\/v2\/users\/1"}],"replies":[{"embeddable":true,"href":"https:\/\/www.durobalarabia.com\/tr\/wp-json\/wp\/v2\/comments?post=490"}],"version-history":[{"count":7,"href":"https:\/\/www.durobalarabia.com\/tr\/wp-json\/wp\/v2\/pages\/490\/revisions"}],"predecessor-version":[{"id":875,"href":"https:\/\/www.durobalarabia.com\/tr\/wp-json\/wp\/v2\/pages\/490\/revisions\/875"}],"wp:attachment":[{"href":"https:\/\/www.durobalarabia.com\/tr\/wp-json\/wp\/v2\/media?parent=490"}],"curies":[{"name":"wp","href":"https:\/\/api.w.org\/{rel}","templated":true}]}}