{"id":515,"date":"2023-09-14T16:01:53","date_gmt":"2023-09-14T16:01:53","guid":{"rendered":"https:\/\/istanbul.up2media.net\/?page_id=515"},"modified":"2023-10-01T11:35:24","modified_gmt":"2023-10-01T11:35:24","slug":"%d9%84%d9%86%d8%a7-%d9%85%d9%86%d9%87%d8%a7%d8%ac-%d8%ae%d8%a7%d8%b5-%d8%a8%d9%86%d8%a7-%d9%88%d9%84%d8%a7-%d9%86%d9%82%d9%88%d9%85-%d8%a8%d8%aa%d9%82%d9%84%d9%8a%d8%af-%d8%a3%d9%8a-%d8%b3%d9%84%d8%b3","status":"publish","type":"page","link":"https:\/\/www.durobalarabia.com\/tr\/%d9%84%d9%86%d8%a7-%d9%85%d9%86%d9%87%d8%a7%d8%ac-%d8%ae%d8%a7%d8%b5-%d8%a8%d9%86%d8%a7-%d9%88%d9%84%d8%a7-%d9%86%d9%82%d9%88%d9%85-%d8%a8%d8%aa%d9%82%d9%84%d9%8a%d8%af-%d8%a3%d9%8a-%d8%b3%d9%84%d8%b3\/","title":{"rendered":"Kendi m\u00fcfredat\u0131m\u0131z var ve herhangi bir dil zincirini taklit etmiyoruz."},"content":{"rendered":"<div data-elementor-type=\"wp-page\" data-elementor-id=\"515\" class=\"elementor elementor-515\" data-elementor-post-type=\"page\">\n\t\t\t\t<div class=\"elementor-element elementor-element-27663ef e-flex e-con-boxed e-con e-parent\" data-id=\"27663ef\" data-element_type=\"container\" data-e-type=\"container\">\n\t\t\t\t\t<div class=\"e-con-inner\">\n\t\t<div class=\"elementor-element elementor-element-d5a3e9b e-con-full e-flex e-con e-child\" data-id=\"d5a3e9b\" data-element_type=\"container\" data-e-type=\"container\">\n\t\t\t\t<div class=\"elementor-element elementor-element-a3cd44a elementor-widget elementor-widget-video\" data-id=\"a3cd44a\" data-element_type=\"widget\" data-e-type=\"widget\" data-settings=\"{&quot;youtube_url&quot;:&quot;https:\\\/\\\/www.youtube.com\\\/watch?v=CaLJkTRaYH8&quot;,&quot;video_type&quot;:&quot;youtube&quot;}\" data-widget_type=\"video.default\">\n\t\t\t\t<div class=\"elementor-widget-container\">\n\t\t\t\t\t\t\t<div class=\"elementor-wrapper elementor-open-inline\">\n\t\t\t<div class=\"elementor-video\"><\/div>\t\t<\/div>\n\t\t\t\t\t\t<\/div>\n\t\t\t\t<\/div>\n\t\t\t\t<\/div>\n\t\t<div class=\"elementor-element elementor-element-57c82a7 e-con-full e-flex e-con e-child\" data-id=\"57c82a7\" data-element_type=\"container\" data-e-type=\"container\">\n\t\t\t\t<div class=\"elementor-element elementor-element-5b4745d div-rtl elementor-widget elementor-widget-text-editor\" data-id=\"5b4745d\" data-element_type=\"widget\" data-e-type=\"widget\" data-widget_type=\"text-editor.default\">\n\t\t\t\t<div class=\"elementor-widget-container\">\n\t\t\t\t\t\t\t\t\t<p><strong>\u0130stanbul Akademi t\u00fcm uzmanl\u0131\u011f\u0131n\u0131 \u00f6\u011frenciye y\u00f6nelik dil deste\u011fine aktar\u0131yor ve akademinin Arap\u00e7a diline hizmet etmeye y\u00f6nelik m\u00fcfredat\u0131 ve kelime da\u011farc\u0131\u011f\u0131 iyi biliniyor, bunlar\u0131n en \u00fcnl\u00fcs\u00fc Arap\u00e7a Anahtar kitab\u0131.<\/strong><br \/><strong>E\u011fitim i\u00e7eri\u011finin sa\u011flanmas\u0131nda benimsenen t\u00fcm k\u00fclt\u00fcrel alanlar\u0131 (k\u00fcresel, \u0130slami, Arap, yerel) dikkate alan bir kitapt\u0131r.<\/strong><\/p><p>Bu serinin kendine has bir felsefesi vard\u0131r ve bu serinin felsefesi, dil \u00f6\u011freniminin unsurlar\u0131 ve dilbilimsel unsurlar\u0131n bir araya geldi\u011fi b\u00fct\u00fcnle\u015fik bir s\u00fcre\u00e7 oldu\u011funa inanan, dil \u00f6\u011fretiminde b\u00fct\u00fcnle\u015ftirici vizyonla uyumlu ileti\u015fimsel yakla\u015f\u0131m ve \u00e7ok boyutlu bir yakla\u015f\u0131m \u00fczerine in\u015fa edilmi\u015ftir. beceriler birbirinden ayr\u0131lamaz.<br \/>Seviyelere gelince, Arap dilinin \u00f6zelliklerine uygunlu\u011funa g\u00f6re seviye ve i\u00e7erikleri ele alma esnekli\u011finin yan\u0131 s\u0131ra Avrupa Ortak Dil Referans \u00c7er\u00e7evesi'ne (CEFR) ba\u011fl\u0131d\u0131r. Seri 9 kitaptan olu\u015fmakta ve B2 seviyesinin sonuna ula\u015fmaktad\u0131r.<br \/>Belki de serinin en ay\u0131rt edici \u00f6zelli\u011fi dilsel dilbilgisinin \u00f6\u011frencinin kullanmas\u0131 gereken dilbilgisi olan i\u015flevsel ve se\u00e7ici olacak \u015fekilde ele al\u0131nmas\u0131d\u0131r. Okuma ve ses giri\u015fi yoluyla sa\u011flanan dilsel giri\u015fe ek olarak.<br \/>Kapsaml\u0131 web sitesi:<br \/>Dizi, \u00f6\u011fretmenler ve \u00f6\u011frenciler i\u00e7in t\u00fcm yararl\u0131 ve destekleyici materyalleri i\u00e7eren kapsaml\u0131 bir web sitesine sahiptir ve diziyi inceleyen \u00f6\u011fretmen, ders verirken web sitesinin hizmetlerinden yararlanabilir; Bu, aktivite ve becerilerin bollu\u011fu nedeniyle s\u0131n\u0131fta canl\u0131 bir atmosfer yarat\u0131r.<br \/>Seviyeyi belirlemek i\u00e7in kapsaml\u0131 bir otomatik s\u0131nava ek olarak. <\/p>\t\t\t\t\t\t\t\t<\/div>\n\t\t\t\t<\/div>\n\t\t\t\t<\/div>\n\t\t\t\t\t<\/div>\n\t\t\t\t<\/div>\n\t\t<div class=\"elementor-element elementor-element-03e4fba e-flex e-con-boxed e-con e-parent\" data-id=\"03e4fba\" data-element_type=\"container\" data-e-type=\"container\">\n\t\t\t\t\t<div class=\"e-con-inner\">\n\t\t\t\t<div class=\"elementor-element elementor-element-5b2fd5d elementor-widget elementor-widget-gallery\" data-id=\"5b2fd5d\" data-element_type=\"widget\" data-e-type=\"widget\" data-settings=\"{&quot;lazyload&quot;:&quot;yes&quot;,&quot;gallery_layout&quot;:&quot;grid&quot;,&quot;columns&quot;:4,&quot;columns_tablet&quot;:2,&quot;columns_mobile&quot;:1,&quot;gap&quot;:{&quot;unit&quot;:&quot;px&quot;,&quot;size&quot;:10,&quot;sizes&quot;:[]},&quot;gap_tablet&quot;:{&quot;unit&quot;:&quot;px&quot;,&quot;size&quot;:10,&quot;sizes&quot;:[]},&quot;gap_mobile&quot;:{&quot;unit&quot;:&quot;px&quot;,&quot;size&quot;:10,&quot;sizes&quot;:[]},&quot;link_to&quot;:&quot;file&quot;,&quot;aspect_ratio&quot;:&quot;3:2&quot;,&quot;overlay_background&quot;:&quot;yes&quot;,&quot;content_hover_animation&quot;:&quot;fade-in&quot;}\" data-widget_type=\"gallery.default\">\n\t\t\t\t<div class=\"elementor-widget-container\">\n\t\t\t\t\t\t\t<div class=\"elementor-gallery__container\">\n\t\t\t\t\t\t\t<a class=\"e-gallery-item elementor-gallery-item elementor-animated-content\" href=\"https:\/\/www.durobalarabia.com\/wp-content\/uploads\/2023\/09\/01-MIFTAH-AL-ARABIYYA-READING-AND-WRITING-BEGINNER-LEVEL-web-.jpg\" data-elementor-open-lightbox=\"yes\" data-elementor-lightbox-slideshow=\"5b2fd5d\" data-elementor-lightbox-title=\"LEAD Technologies Inc. V1.01\" data-e-action-hash=\"#elementor-action%3Aaction%3Dlightbox%26settings%3DeyJpZCI6NjU3LCJ1cmwiOiJodHRwczpcL1wvd3d3LmR1cm9iYWxhcmFiaWEuY29tXC93cC1jb250ZW50XC91cGxvYWRzXC8yMDIzXC8wOVwvMDEtTUlGVEFILUFMLUFSQUJJWVlBLVJFQURJTkctQU5ELVdSSVRJTkctQkVHSU5ORVItTEVWRUwtd2ViLS5qcGciLCJzbGlkZXNob3ciOiI1YjJmZDVkIn0%3D\">\n\t\t\t\t\t<div class=\"e-gallery-image elementor-gallery-item__image\" data-thumbnail=\"https:\/\/www.durobalarabia.com\/wp-content\/uploads\/2023\/09\/01-MIFTAH-AL-ARABIYYA-READING-AND-WRITING-BEGINNER-LEVEL-web--808x1024.jpg\" data-width=\"808\" data-height=\"1024\" aria-label=\"\" role=\"img\" ><\/div>\n\t\t\t\t\t\t\t\t\t\t\t<div class=\"elementor-gallery-item__overlay\"><\/div>\n\t\t\t\t\t\t\t\t\t\t\t\t\t\t<\/a>\n\t\t\t\t\t\t\t<a class=\"e-gallery-item elementor-gallery-item elementor-animated-content\" href=\"https:\/\/www.durobalarabia.com\/wp-content\/uploads\/2023\/09\/01-MIFTAH-AL-ARABIYYA-STARTER-LEVEL-web-.jpg\" data-elementor-open-lightbox=\"yes\" data-elementor-lightbox-slideshow=\"5b2fd5d\" data-elementor-lightbox-title=\"01-MIFTAH-AL-ARABIYYA-STARTER-LEVEL-web---------------------------------------------------------\" data-e-action-hash=\"#elementor-action%3Aaction%3Dlightbox%26settings%3DeyJpZCI6NjU4LCJ1cmwiOiJodHRwczpcL1wvd3d3LmR1cm9iYWxhcmFiaWEuY29tXC93cC1jb250ZW50XC91cGxvYWRzXC8yMDIzXC8wOVwvMDEtTUlGVEFILUFMLUFSQUJJWVlBLVNUQVJURVItTEVWRUwtd2ViLS5qcGciLCJzbGlkZXNob3ciOiI1YjJmZDVkIn0%3D\">\n\t\t\t\t\t<div class=\"e-gallery-image elementor-gallery-item__image\" data-thumbnail=\"https:\/\/www.durobalarabia.com\/wp-content\/uploads\/2023\/09\/01-MIFTAH-AL-ARABIYYA-STARTER-LEVEL-web--818x1024.jpg\" data-width=\"818\" data-height=\"1024\" aria-label=\"\" role=\"img\" ><\/div>\n\t\t\t\t\t\t\t\t\t\t\t<div class=\"elementor-gallery-item__overlay\"><\/div>\n\t\t\t\t\t\t\t\t\t\t\t\t\t\t<\/a>\n\t\t\t\t\t\t\t<a class=\"e-gallery-item elementor-gallery-item elementor-animated-content\" href=\"https:\/\/www.durobalarabia.com\/wp-content\/uploads\/2023\/09\/158181470_1655124188029451_8519450134897881045_n.jpg\" data-elementor-open-lightbox=\"yes\" data-elementor-lightbox-slideshow=\"5b2fd5d\" data-elementor-lightbox-title=\"158181470_1655124188029451_8519450134897881045_n\" data-e-action-hash=\"#elementor-action%3Aaction%3Dlightbox%26settings%3DeyJpZCI6NjU5LCJ1cmwiOiJodHRwczpcL1wvd3d3LmR1cm9iYWxhcmFiaWEuY29tXC93cC1jb250ZW50XC91cGxvYWRzXC8yMDIzXC8wOVwvMTU4MTgxNDcwXzE2NTUxMjQxODgwMjk0NTFfODUxOTQ1MDEzNDg5Nzg4MTA0NV9uLmpwZyIsInNsaWRlc2hvdyI6IjViMmZkNWQifQ%3D%3D\">\n\t\t\t\t\t<div class=\"e-gallery-image elementor-gallery-item__image\" data-thumbnail=\"https:\/\/www.durobalarabia.com\/wp-content\/uploads\/2023\/09\/158181470_1655124188029451_8519450134897881045_n-791x1024.jpg\" data-width=\"791\" data-height=\"1024\" aria-label=\"\" role=\"img\" ><\/div>\n\t\t\t\t\t\t\t\t\t\t\t<div class=\"elementor-gallery-item__overlay\"><\/div>\n\t\t\t\t\t\t\t\t\t\t\t\t\t\t<\/a>\n\t\t\t\t\t\t\t<a class=\"e-gallery-item elementor-gallery-item elementor-animated-content\" href=\"https:\/\/www.durobalarabia.com\/wp-content\/uploads\/2023\/09\/164140875_1667280623480474_459155542334184164_n.jpg\" data-elementor-open-lightbox=\"yes\" data-elementor-lightbox-slideshow=\"5b2fd5d\" data-elementor-lightbox-title=\"164140875_1667280623480474_459155542334184164_n\" data-e-action-hash=\"#elementor-action%3Aaction%3Dlightbox%26settings%3DeyJpZCI6NjYwLCJ1cmwiOiJodHRwczpcL1wvd3d3LmR1cm9iYWxhcmFiaWEuY29tXC93cC1jb250ZW50XC91cGxvYWRzXC8yMDIzXC8wOVwvMTY0MTQwODc1XzE2NjcyODA2MjM0ODA0NzRfNDU5MTU1NTQyMzM0MTg0MTY0X24uanBnIiwic2xpZGVzaG93IjoiNWIyZmQ1ZCJ9\">\n\t\t\t\t\t<div class=\"e-gallery-image elementor-gallery-item__image\" data-thumbnail=\"https:\/\/www.durobalarabia.com\/wp-content\/uploads\/2023\/09\/164140875_1667280623480474_459155542334184164_n-815x1024.jpg\" data-width=\"815\" data-height=\"1024\" aria-label=\"\" role=\"img\" ><\/div>\n\t\t\t\t\t\t\t\t\t\t\t<div class=\"elementor-gallery-item__overlay\"><\/div>\n\t\t\t\t\t\t\t\t\t\t\t\t\t\t<\/a>\n\t\t\t\t\t\t\t<a class=\"e-gallery-item elementor-gallery-item elementor-animated-content\" href=\"https:\/\/www.durobalarabia.com\/wp-content\/uploads\/2023\/09\/291785984_536337378284857_5887038286234689562_n.jpg\" data-elementor-open-lightbox=\"yes\" data-elementor-lightbox-slideshow=\"5b2fd5d\" data-elementor-lightbox-title=\"291785984_536337378284857_5887038286234689562_n\" data-e-action-hash=\"#elementor-action%3Aaction%3Dlightbox%26settings%3DeyJpZCI6NjYxLCJ1cmwiOiJodHRwczpcL1wvd3d3LmR1cm9iYWxhcmFiaWEuY29tXC93cC1jb250ZW50XC91cGxvYWRzXC8yMDIzXC8wOVwvMjkxNzg1OTg0XzUzNjMzNzM3ODI4NDg1N181ODg3MDM4Mjg2MjM0Njg5NTYyX24uanBnIiwic2xpZGVzaG93IjoiNWIyZmQ1ZCJ9\">\n\t\t\t\t\t<div class=\"e-gallery-image elementor-gallery-item__image\" data-thumbnail=\"https:\/\/www.durobalarabia.com\/wp-content\/uploads\/2023\/09\/291785984_536337378284857_5887038286234689562_n-1024x451.jpg\" data-width=\"1024\" data-height=\"451\" aria-label=\"\" role=\"img\" ><\/div>\n\t\t\t\t\t\t\t\t\t\t\t<div class=\"elementor-gallery-item__overlay\"><\/div>\n\t\t\t\t\t\t\t\t\t\t\t\t\t\t<\/a>\n\t\t\t\t\t\t\t<a class=\"e-gallery-item elementor-gallery-item elementor-animated-content\" href=\"https:\/\/www.durobalarabia.com\/wp-content\/uploads\/2023\/09\/349573875_1599714607179182_860960192558780820_n.jpg\" data-elementor-open-lightbox=\"yes\" data-elementor-lightbox-slideshow=\"5b2fd5d\" data-elementor-lightbox-title=\"349573875_1599714607179182_860960192558780820_n\" data-e-action-hash=\"#elementor-action%3Aaction%3Dlightbox%26settings%3DeyJpZCI6NjYyLCJ1cmwiOiJodHRwczpcL1wvd3d3LmR1cm9iYWxhcmFiaWEuY29tXC93cC1jb250ZW50XC91cGxvYWRzXC8yMDIzXC8wOVwvMzQ5NTczODc1XzE1OTk3MTQ2MDcxNzkxODJfODYwOTYwMTkyNTU4NzgwODIwX24uanBnIiwic2xpZGVzaG93IjoiNWIyZmQ1ZCJ9\">\n\t\t\t\t\t<div class=\"e-gallery-image elementor-gallery-item__image\" data-thumbnail=\"https:\/\/www.durobalarabia.com\/wp-content\/uploads\/2023\/09\/349573875_1599714607179182_860960192558780820_n-768x1024.jpg\" data-width=\"768\" data-height=\"1024\" aria-label=\"\" role=\"img\" ><\/div>\n\t\t\t\t\t\t\t\t\t\t\t<div class=\"elementor-gallery-item__overlay\"><\/div>\n\t\t\t\t\t\t\t\t\t\t\t\t\t\t<\/a>\n\t\t\t\t\t\t\t<a class=\"e-gallery-item elementor-gallery-item elementor-animated-content\" href=\"https:\/\/www.durobalarabia.com\/wp-content\/uploads\/2023\/09\/354440099_764458492139410_6805401190534031892_n.jpg\" data-elementor-open-lightbox=\"yes\" data-elementor-lightbox-slideshow=\"5b2fd5d\" data-elementor-lightbox-title=\"354440099_764458492139410_6805401190534031892_n\" data-e-action-hash=\"#elementor-action%3Aaction%3Dlightbox%26settings%3DeyJpZCI6NjYzLCJ1cmwiOiJodHRwczpcL1wvd3d3LmR1cm9iYWxhcmFiaWEuY29tXC93cC1jb250ZW50XC91cGxvYWRzXC8yMDIzXC8wOVwvMzU0NDQwMDk5Xzc2NDQ1ODQ5MjEzOTQxMF82ODA1NDAxMTkwNTM0MDMxODkyX24uanBnIiwic2xpZGVzaG93IjoiNWIyZmQ1ZCJ9\">\n\t\t\t\t\t<div class=\"e-gallery-image elementor-gallery-item__image\" data-thumbnail=\"https:\/\/www.durobalarabia.com\/wp-content\/uploads\/2023\/09\/354440099_764458492139410_6805401190534031892_n-1024x576.jpg\" data-width=\"1024\" data-height=\"576\" aria-label=\"\" role=\"img\" ><\/div>\n\t\t\t\t\t\t\t\t\t\t\t<div class=\"elementor-gallery-item__overlay\"><\/div>\n\t\t\t\t\t\t\t\t\t\t\t\t\t\t<\/a>\n\t\t\t\t\t<\/div>\n\t\t\t\t\t<\/div>\n\t\t\t\t<\/div>\n\t\t\t\t\t<\/div>\n\t\t\t\t<\/div>\n\t\t\t\t<\/div>","protected":false},"excerpt":{"rendered":"<p>https:\/\/www.youtube.com\/watch?v=CaLJkTRaYH8 \u062a\u0635\u0628 \u0623\u0643\u0627\u062f\u064a\u0645\u064a\u0629 \u0625\u0633\u0637\u0646\u0628\u0648\u0644 \u0643\u0644 \u062e\u0628\u0631\u0627\u062a\u0647\u0627 \u0641\u064a \u0627\u0644\u062f\u0639\u0645 \u0627\u0644\u0644\u063a\u0648\u064a \u0644\u0644\u0637\u0627\u0644\u0628\u060c \u0648\u0627\u0644\u0645\u0646\u0627\u0647\u062c \u0648\u0627\u0644\u0645\u0641\u0631\u062f\u0627\u062a \u0627\u0644\u062e\u0627\u0635\u0629 \u0628\u0627\u0644\u0623\u0643\u0627\u062f\u064a\u0645\u064a\u0629 \u0644\u062e\u062f\u0645\u0629 \u0627\u0644\u0644\u063a\u0629 \u0627\u0644\u0639\u0631\u0628\u064a\u0629 \u063a\u0646\u064a\u0629 \u0639\u0646 \u0627\u0644\u062a\u0639\u0631\u064a\u0641 [&hellip;]<\/p>\n","protected":false},"author":1,"featured_media":0,"parent":0,"menu_order":0,"comment_status":"closed","ping_status":"closed","template":"elementor_header_footer","meta":{"_acf_changed":false,"site-sidebar-layout":"default","site-content-layout":"","ast-site-content-layout":"default","site-content-style":"default","site-sidebar-style":"default","ast-global-header-display":"","ast-banner-title-visibility":"","ast-main-header-display":"","ast-hfb-above-header-display":"","ast-hfb-below-header-display":"","ast-hfb-mobile-header-display":"","site-post-title":"","ast-breadcrumbs-content":"","ast-featured-img":"","footer-sml-layout":"","ast-disable-related-posts":"","theme-transparent-header-meta":"","adv-header-id-meta":"","stick-header-meta":"","header-above-stick-meta":"","header-main-stick-meta":"","header-below-stick-meta":"","astra-migrate-meta-layouts":"default","ast-page-background-enabled":"default","ast-page-background-meta":{"desktop":{"background-color":"var(--ast-global-color-5)","background-image":"","background-repeat":"repeat","background-position":"center center","background-size":"auto","background-attachment":"scroll","background-type":"","background-media":"","overlay-type":"","overlay-color":"","overlay-opacity":"","overlay-gradient":""},"tablet":{"background-color":"","background-image":"","background-repeat":"repeat","background-position":"center center","background-size":"auto","background-attachment":"scroll","background-type":"","background-media":"","overlay-type":"","overlay-color":"","overlay-opacity":"","overlay-gradient":""},"mobile":{"background-color":"","background-image":"","background-repeat":"repeat","background-position":"center center","background-size":"auto","background-attachment":"scroll","background-type":"","background-media":"","overlay-type":"","overlay-color":"","overlay-opacity":"","overlay-gradient":""}},"ast-content-background-meta":{"desktop":{"background-color":"var(--ast-global-color-4)","background-image":"","background-repeat":"repeat","background-position":"center center","background-size":"auto","background-attachment":"scroll","background-type":"","background-media":"","overlay-type":"","overlay-color":"","overlay-opacity":"","overlay-gradient":""},"tablet":{"background-color":"var(--ast-global-color-4)","background-image":"","background-repeat":"repeat","background-position":"center center","background-size":"auto","background-attachment":"scroll","background-type":"","background-media":"","overlay-type":"","overlay-color":"","overlay-opacity":"","overlay-gradient":""},"mobile":{"background-color":"var(--ast-global-color-4)","background-image":"","background-repeat":"repeat","background-position":"center center","background-size":"auto","background-attachment":"scroll","background-type":"","background-media":"","overlay-type":"","overlay-color":"","overlay-opacity":"","overlay-gradient":""}},"footnotes":""},"class_list":["post-515","page","type-page","status-publish","hentry"],"acf":[],"_links":{"self":[{"href":"https:\/\/www.durobalarabia.com\/tr\/wp-json\/wp\/v2\/pages\/515","targetHints":{"allow":["GET"]}}],"collection":[{"href":"https:\/\/www.durobalarabia.com\/tr\/wp-json\/wp\/v2\/pages"}],"about":[{"href":"https:\/\/www.durobalarabia.com\/tr\/wp-json\/wp\/v2\/types\/page"}],"author":[{"embeddable":true,"href":"https:\/\/www.durobalarabia.com\/tr\/wp-json\/wp\/v2\/users\/1"}],"replies":[{"embeddable":true,"href":"https:\/\/www.durobalarabia.com\/tr\/wp-json\/wp\/v2\/comments?post=515"}],"version-history":[{"count":13,"href":"https:\/\/www.durobalarabia.com\/tr\/wp-json\/wp\/v2\/pages\/515\/revisions"}],"predecessor-version":[{"id":868,"href":"https:\/\/www.durobalarabia.com\/tr\/wp-json\/wp\/v2\/pages\/515\/revisions\/868"}],"wp:attachment":[{"href":"https:\/\/www.durobalarabia.com\/tr\/wp-json\/wp\/v2\/media?parent=515"}],"curies":[{"name":"wp","href":"https:\/\/api.w.org\/{rel}","templated":true}]}}